{"id":132,"date":"2023-09-13T08:28:00","date_gmt":"2023-09-13T08:28:00","guid":{"rendered":"http:\/\/source.wpopal.com\/winesto\/contact\/"},"modified":"2025-11-10T15:48:52","modified_gmt":"2025-11-10T14:48:52","slug":"contact","status":"publish","type":"page","link":"https:\/\/novadeo.fr\/pierre-florent\/contact\/","title":{"rendered":"Contact"},"content":{"rendered":"\t\t<div data-elementor-type=\"wp-page\" data-elementor-id=\"132\" class=\"elementor elementor-132\">\n\t\t\t\t<div class=\"elementor-element elementor-element-3a49a63 e-flex e-con-boxed e-con e-parent\" data-id=\"3a49a63\" data-element_type=\"container\">\n\t\t\t\t\t<div class=\"e-con-inner\">\n\t\t\t\t<div class=\"elementor-element elementor-element-30e4d50 elementor-widget elementor-widget-image\" data-id=\"30e4d50\" data-element_type=\"widget\" data-widget_type=\"image.default\">\n\t\t\t\t\t\t\t\t\t\t\t\t\t\t\t<img fetchpriority=\"high\" decoding=\"async\" width=\"1024\" height=\"576\" src=\"https:\/\/novadeo.fr\/pierre-florent\/wp-content\/uploads\/2025\/11\/champagne-pierre-florent.jpg\" class=\"attachment-full size-full wp-image-4887\" alt=\"\" srcset=\"https:\/\/novadeo.fr\/pierre-florent\/wp-content\/uploads\/2025\/11\/champagne-pierre-florent.jpg 1024w, https:\/\/novadeo.fr\/pierre-florent\/wp-content\/uploads\/2025\/11\/champagne-pierre-florent-300x169.jpg 300w, https:\/\/novadeo.fr\/pierre-florent\/wp-content\/uploads\/2025\/11\/champagne-pierre-florent-768x432.jpg 768w, https:\/\/novadeo.fr\/pierre-florent\/wp-content\/uploads\/2025\/11\/champagne-pierre-florent-600x338.jpg 600w\" sizes=\"(max-width: 1024px) 100vw, 1024px\" \/>\t\t\t\t\t\t\t\t\t\t\t\t\t\t\t<\/div>\n\t\t\t\t\t<\/div>\n\t\t\t\t<\/div>\n\t\t<div class=\"elementor-element elementor-element-22aa189 e-flex e-con-boxed e-con e-parent\" data-id=\"22aa189\" data-element_type=\"container\">\n\t\t\t\t\t<div class=\"e-con-inner\">\n\t\t<div class=\"elementor-element elementor-element-b8517b0 e-con-full e-flex e-con e-child\" data-id=\"b8517b0\" data-element_type=\"container\">\n\t\t\t\t<div class=\"elementor-element elementor-element-7de7b4e subtitle-position-below elementor-widget elementor-widget-winesto-heading\" data-id=\"7de7b4e\" data-element_type=\"widget\" data-widget_type=\"winesto-heading.default\">\n\t\t\t\t<div class=\"elementor-widget-container\">\n\t\t\t\t\t<div class=\"elementor-heading-wrapper-inner\"><h2 class=\"elementor-heading-title elementor-size-default\">Contactez-nous pour obtenir nos champagnes<\/h2><\/div>\t\t\t\t<\/div>\n\t\t\t\t<\/div>\n\t\t\t\t<\/div>\n\t\t<div class=\"elementor-element elementor-element-479fe3b e-con-full e-flex e-con e-child\" data-id=\"479fe3b\" data-element_type=\"container\">\n\t\t\t\t<div class=\"elementor-element elementor-element-4bd90b9 elementor-widget elementor-widget-text-editor\" data-id=\"4bd90b9\" data-element_type=\"widget\" data-widget_type=\"text-editor.default\">\n\t\t\t\t\t\t\t\t\t<p>Si vous voulez des renseignements concernant nos cuv\u00e9es, nos tarifs, nos exp\u00e9ditions laissez nous un petit message ou bien t\u00e9l\u00e9phonez nous directement aux coordonn\u00e9es que vous trouverez sur cette page.<\/p>\t\t\t\t\t\t\t\t<\/div>\n\t\t\t\t<\/div>\n\t\t\t\t\t<\/div>\n\t\t\t\t<\/div>\n\t\t<div class=\"elementor-element elementor-element-25987fc e-flex e-con-boxed e-con e-parent\" data-id=\"25987fc\" data-element_type=\"container\">\n\t\t\t\t\t<div class=\"e-con-inner\">\n\t\t<div class=\"elementor-element elementor-element-c08bdb5 e-con-full e-flex e-con e-child\" data-id=\"c08bdb5\" data-element_type=\"container\">\n\t\t\t\t<div class=\"elementor-element elementor-element-4f1a7f1 subtitle-position-below elementor-widget elementor-widget-winesto-heading\" data-id=\"4f1a7f1\" data-element_type=\"widget\" data-widget_type=\"winesto-heading.default\">\n\t\t\t\t<div class=\"elementor-widget-container\">\n\t\t\t\t\t<div class=\"elementor-heading-wrapper-inner\"><h2 class=\"elementor-heading-title elementor-size-default\">Vous souhaitez imm\u00e9diatement du Champagne ?<\/h2><\/div>\t\t\t\t<\/div>\n\t\t\t\t<\/div>\n\t\t\t\t<div class=\"elementor-element elementor-element-f212a0c subtitle-position-below elementor-widget elementor-widget-winesto-heading\" data-id=\"f212a0c\" data-element_type=\"widget\" data-widget_type=\"winesto-heading.default\">\n\t\t\t\t<div class=\"elementor-widget-container\">\n\t\t\t\t\t<div class=\"elementor-heading-wrapper-inner\"><h2 class=\"elementor-heading-title elementor-size-default\">EN CHAMPAGNE<\/h2><div class=\"elementor-sub-title\">De passage \u00e0 Nogent L\u2019abbesse, \u00e0 Reims ou \u00e0 proximit\u00e9, t\u00e9l\u00e9phonez nous avant votre venue et nous nous pr\u00e9parerons pour vous recevoir dans les meilleures conditions<\/div><\/div>\t\t\t\t<\/div>\n\t\t\t\t<\/div>\n\t\t\t\t<div class=\"elementor-element elementor-element-ffe0478 elementor-icon-list--layout-traditional elementor-list-item-link-full_width elementor-widget elementor-widget-icon-list\" data-id=\"ffe0478\" data-element_type=\"widget\" data-widget_type=\"icon-list.default\">\n\t\t\t\t\t\t\t<ul class=\"elementor-icon-list-items\">\n\t\t\t\t\t\t\t<li class=\"elementor-icon-list-item\">\n\t\t\t\t\t\t\t\t\t\t\t<span class=\"elementor-icon-list-icon\">\n\t\t\t\t\t\t\t<i aria-hidden=\"true\" class=\"winesto-icon- winesto-icon-send\"><\/i>\t\t\t\t\t\t<\/span>\n\t\t\t\t\t\t\t\t\t\t<span class=\"elementor-icon-list-text\">51420 Nogent L\u2019Abbesse<\/span>\n\t\t\t\t\t\t\t\t\t<\/li>\n\t\t\t\t\t\t\t\t<li class=\"elementor-icon-list-item\">\n\t\t\t\t\t\t\t\t\t\t\t<span class=\"elementor-icon-list-icon\">\n\t\t\t\t\t\t\t<i aria-hidden=\"true\" class=\"winesto-icon- winesto-icon-phone\"><\/i>\t\t\t\t\t\t<\/span>\n\t\t\t\t\t\t\t\t\t\t<span class=\"elementor-icon-list-text\">+33 (0)6 26 46 03 93<\/span>\n\t\t\t\t\t\t\t\t\t<\/li>\n\t\t\t\t\t\t\t\t<li class=\"elementor-icon-list-item\">\n\t\t\t\t\t\t\t\t\t\t\t<span class=\"elementor-icon-list-icon\">\n\t\t\t\t\t\t\t<i aria-hidden=\"true\" class=\"winesto-icon- winesto-icon-mail\"><\/i>\t\t\t\t\t\t<\/span>\n\t\t\t\t\t\t\t\t\t\t<span class=\"elementor-icon-list-text\">champagnepierreflorent@yahoo.com<\/span>\n\t\t\t\t\t\t\t\t\t<\/li>\n\t\t\t\t\t\t<\/ul>\n\t\t\t\t\t\t<\/div>\n\t\t\t\t<div class=\"elementor-element elementor-element-7cdbf49 subtitle-position-below elementor-widget elementor-widget-winesto-heading\" data-id=\"7cdbf49\" data-element_type=\"widget\" data-widget_type=\"winesto-heading.default\">\n\t\t\t\t<div class=\"elementor-widget-container\">\n\t\t\t\t\t<div class=\"elementor-heading-wrapper-inner\"><h2 class=\"elementor-heading-title elementor-size-default\">EN REGION LYONNAISE<\/h2><div class=\"elementor-sub-title\">Vous \u00eates autour de Lyon, de Villefranche Sur Sa\u00f4ne, notre d\u00e9p\u00f4t \u00e0 Anse sera votre point de rep\u00e8re. Du stock est disponible toute l\u2019ann\u00e9e. Programmons une visite ou une d\u00e9gustation si vous le souhaitez<\/div><\/div>\t\t\t\t<\/div>\n\t\t\t\t<\/div>\n\t\t<div class=\"elementor-element elementor-element-48a3d9d e-flex e-con-boxed e-con e-child\" data-id=\"48a3d9d\" data-element_type=\"container\">\n\t\t\t\t\t<div class=\"e-con-inner\">\n\t\t<div class=\"elementor-element elementor-element-04c3e05 e-con-full e-flex e-con e-child\" data-id=\"04c3e05\" data-element_type=\"container\">\n\t\t\t\t<div class=\"elementor-element elementor-element-1ea2ebb subtitle-position-below elementor-widget elementor-widget-winesto-heading\" data-id=\"1ea2ebb\" data-element_type=\"widget\" data-widget_type=\"winesto-heading.default\">\n\t\t\t\t<div class=\"elementor-widget-container\">\n\t\t\t\t\t<div class=\"elementor-heading-wrapper-inner\"><h2 class=\"elementor-heading-title elementor-size-default\">ANSE<\/h2><\/div>\t\t\t\t<\/div>\n\t\t\t\t<\/div>\n\t\t\t\t<div class=\"elementor-element elementor-element-f12c17d elementor-icon-list--layout-traditional elementor-list-item-link-full_width elementor-widget elementor-widget-icon-list\" data-id=\"f12c17d\" data-element_type=\"widget\" data-widget_type=\"icon-list.default\">\n\t\t\t\t\t\t\t<ul class=\"elementor-icon-list-items\">\n\t\t\t\t\t\t\t<li class=\"elementor-icon-list-item\">\n\t\t\t\t\t\t\t\t\t\t\t<span class=\"elementor-icon-list-icon\">\n\t\t\t\t\t\t\t<i aria-hidden=\"true\" class=\"winesto-icon- winesto-icon-send\"><\/i>\t\t\t\t\t\t<\/span>\n\t\t\t\t\t\t\t\t\t\t<span class=\"elementor-icon-list-text\">Route de Graves 69480 Anse<\/span>\n\t\t\t\t\t\t\t\t\t<\/li>\n\t\t\t\t\t\t\t\t<li class=\"elementor-icon-list-item\">\n\t\t\t\t\t\t\t\t\t\t\t<span class=\"elementor-icon-list-icon\">\n\t\t\t\t\t\t\t<i aria-hidden=\"true\" class=\"winesto-icon- winesto-icon-mail\"><\/i>\t\t\t\t\t\t<\/span>\n\t\t\t\t\t\t\t\t\t\t<span class=\"elementor-icon-list-text\">champagnepierreflorent@yahoo.com<\/span>\n\t\t\t\t\t\t\t\t\t<\/li>\n\t\t\t\t\t\t\t\t<li class=\"elementor-icon-list-item\">\n\t\t\t\t\t\t\t\t\t\t\t<span class=\"elementor-icon-list-icon\">\n\t\t\t\t\t\t\t<i aria-hidden=\"true\" class=\"winesto-icon- winesto-icon-phone\"><\/i>\t\t\t\t\t\t<\/span>\n\t\t\t\t\t\t\t\t\t\t<span class=\"elementor-icon-list-text\">+33 (0)6 15 64 45 21<\/span>\n\t\t\t\t\t\t\t\t\t<\/li>\n\t\t\t\t\t\t<\/ul>\n\t\t\t\t\t\t<\/div>\n\t\t\t\t<\/div>\n\t\t<div class=\"elementor-element elementor-element-0c60843 e-con-full e-flex e-con e-child\" data-id=\"0c60843\" data-element_type=\"container\">\n\t\t\t\t<div class=\"elementor-element elementor-element-536f8e9 subtitle-position-below elementor-widget elementor-widget-winesto-heading\" data-id=\"536f8e9\" data-element_type=\"widget\" data-widget_type=\"winesto-heading.default\">\n\t\t\t\t<div class=\"elementor-widget-container\">\n\t\t\t\t\t<div class=\"elementor-heading-wrapper-inner\"><h2 class=\"elementor-heading-title elementor-size-default\">FONTAINES SUR SA\u00d4NE<\/h2><\/div>\t\t\t\t<\/div>\n\t\t\t\t<\/div>\n\t\t\t\t<div class=\"elementor-element elementor-element-a3682b1 elementor-icon-list--layout-traditional elementor-list-item-link-full_width elementor-widget elementor-widget-icon-list\" data-id=\"a3682b1\" data-element_type=\"widget\" data-widget_type=\"icon-list.default\">\n\t\t\t\t\t\t\t<ul class=\"elementor-icon-list-items\">\n\t\t\t\t\t\t\t<li class=\"elementor-icon-list-item\">\n\t\t\t\t\t\t\t\t\t\t\t<span class=\"elementor-icon-list-icon\">\n\t\t\t\t\t\t\t<i aria-hidden=\"true\" class=\"winesto-icon- winesto-icon-send\"><\/i>\t\t\t\t\t\t<\/span>\n\t\t\t\t\t\t\t\t\t\t<span class=\"elementor-icon-list-text\">Au Brass\u2019in 69270 Fontaines Sur Saone<\/span>\n\t\t\t\t\t\t\t\t\t<\/li>\n\t\t\t\t\t\t<\/ul>\n\t\t\t\t\t\t<\/div>\n\t\t\t\t<\/div>\n\t\t\t\t\t<\/div>\n\t\t\t\t<\/div>\n\t\t\t\t<\/div>\n\t\t<div class=\"elementor-element elementor-element-03cfd5c e-con-full e-flex e-con e-child\" data-id=\"03cfd5c\" data-element_type=\"container\">\n\t\t\t\t<div class=\"elementor-element elementor-element-f62be7e elementor-widget elementor-widget-text-editor\" data-id=\"f62be7e\" data-element_type=\"widget\" data-widget_type=\"text-editor.default\">\n\t\t\t\t\t\t\t\t\t<p>Vous souhaitez une exp\u00e9dition (France ou \u00e9tranger), une visite, une d\u00e9gustation : t\u00e9l\u00e9phonez nous au 06 15 64 45 21 ou utilisez le formulaire de contact ci-dessous.<\/p>\t\t\t\t\t\t\t\t<\/div>\n\t\t\t\t<div class=\"elementor-element elementor-element-ffb8933 contact-form-align-left elementor-widget elementor-widget-winesto-contactform\" data-id=\"ffb8933\" data-element_type=\"widget\" data-widget_type=\"winesto-contactform.default\">\n\t\t\t\t<div class=\"elementor-widget-container\">\n\t\t\t\t\t\n<div class=\"wpcf7 no-js\" id=\"wpcf7-f4484-o1\" lang=\"en-US\" dir=\"ltr\" data-wpcf7-id=\"4484\">\n<div class=\"screen-reader-response\"><p role=\"status\" aria-live=\"polite\" aria-atomic=\"true\"><\/p> <ul><\/ul><\/div>\n<form action=\"\/pierre-florent\/wp-json\/wp\/v2\/pages\/132#wpcf7-f4484-o1\" method=\"post\" class=\"wpcf7-form init\" aria-label=\"Contact form\" novalidate=\"novalidate\" data-status=\"init\">\n<fieldset class=\"hidden-fields-container\"><input type=\"hidden\" name=\"_wpcf7\" value=\"4484\" \/><input type=\"hidden\" name=\"_wpcf7_version\" value=\"6.1.1\" \/><input type=\"hidden\" name=\"_wpcf7_locale\" value=\"en_US\" \/><input type=\"hidden\" name=\"_wpcf7_unit_tag\" value=\"wpcf7-f4484-o1\" \/><input type=\"hidden\" name=\"_wpcf7_container_post\" value=\"0\" \/><input type=\"hidden\" name=\"_wpcf7_posted_data_hash\" value=\"\" \/>\n<\/fieldset>\n<div class=\"row row-form\">\n\t<div class=\"column-tablet-6 column-12\">\n\t\t<p><span class=\"wpcf7-form-control-wrap\" data-name=\"your-name\"><input size=\"40\" maxlength=\"400\" class=\"wpcf7-form-control wpcf7-text wpcf7-validates-as-required\" autocomplete=\"name\" aria-required=\"true\" aria-invalid=\"false\" placeholder=\"Nom *\" value=\"\" type=\"text\" name=\"your-name\" \/><\/span>\n\t\t<\/p>\n\t<\/div>\n\t<div class=\"column-tablet-6 column-12\">\n\t\t<p><span class=\"wpcf7-form-control-wrap\" data-name=\"your-email\"><input size=\"40\" maxlength=\"400\" class=\"wpcf7-form-control wpcf7-email wpcf7-validates-as-required wpcf7-text wpcf7-validates-as-email\" autocomplete=\"email\" aria-required=\"true\" aria-invalid=\"false\" placeholder=\"Email *\" value=\"\" type=\"email\" name=\"your-email\" \/><\/span>\n\t\t<\/p>\n\t<\/div>\n<\/div>\n<p><span class=\"wpcf7-form-control-wrap\" data-name=\"your-message\"><textarea cols=\"40\" rows=\"3\" maxlength=\"2000\" class=\"wpcf7-form-control wpcf7-textarea wpcf7-validates-as-required\" autocomplete=\"message\" aria-required=\"true\" aria-invalid=\"false\" placeholder=\"Message\" name=\"your-message\"><\/textarea><\/span>\n<\/p>\n<div>\n\t<p><button type=\"submit\" value=\"Submit\"><span>Envoyer<\/span><i class=\"winesto-icon-arrow-right\"><\/i><\/button>\n\t<\/p>\n<\/div><div class=\"wpcf7-response-output\" aria-hidden=\"true\"><\/div>\n<\/form>\n<\/div>\n\t\t\t\t<\/div>\n\t\t\t\t<\/div>\n\t\t\t\t<\/div>\n\t\t\t\t\t<\/div>\n\t\t\t\t<\/div>\n\t\t<div class=\"elementor-element elementor-element-c1766c4 e-con-full e-flex e-con e-parent\" data-id=\"c1766c4\" data-element_type=\"container\">\n\t\t\t\t<div class=\"elementor-element elementor-element-08cad94 elementor-widget elementor-widget-google_maps\" data-id=\"08cad94\" data-element_type=\"widget\" data-widget_type=\"google_maps.default\">\n\t\t\t\t\t\t\t<div class=\"elementor-custom-embed\">\n\t\t\t<iframe loading=\"lazy\"\n\t\t\t\t\tsrc=\"https:\/\/maps.google.com\/maps?q=Route%20de%20Graves%2069480%20ANSE&#038;t=m&#038;z=10&#038;output=embed&#038;iwloc=near\"\n\t\t\t\t\ttitle=\"Route de Graves 69480 ANSE\"\n\t\t\t\t\taria-label=\"Route de Graves 69480 ANSE\"\n\t\t\t><\/iframe>\n\t\t<\/div>\n\t\t\t\t\t\t<\/div>\n\t\t\t\t<\/div>\n\t\t\t\t<\/div>\n\t\t","protected":false},"excerpt":{"rendered":"<p>Contactez-nous pour obtenir nos champagnes Si vous voulez des renseignements concernant nos cuv\u00e9es, nos tarifs, nos exp\u00e9ditions laissez nous un petit message ou bien t\u00e9l\u00e9phonez nous directement aux coordonn\u00e9es que vous trouverez sur cette page. Vous souhaitez imm\u00e9diatement du Champagne ? EN CHAMPAGNE De passage \u00e0 Nogent L\u2019abbesse, \u00e0 Reims ou \u00e0 proximit\u00e9, t\u00e9l\u00e9phonez nous [&hellip;]<\/p>\n","protected":false},"author":1,"featured_media":0,"parent":0,"menu_order":0,"comment_status":"closed","ping_status":"closed","template":"","meta":{"footnotes":""},"class_list":["post-132","page","type-page","status-publish","hentry"],"yoast_head":"<!-- This site is optimized with the Yoast SEO plugin v26.3 - https:\/\/yoast.com\/wordpress\/plugins\/seo\/ -->\n<title>Contact &amp; D\u00e9gustation Champagne, Maison Pierre Florent<\/title>\n<meta name=\"description\" content=\"R\u00e9servez votre d\u00e9gustation de champagne pr\u00e8s de Reims ou \u00e0 notre d\u00e9p\u00f4t \u00e0 Anse (Lyon). Contactez-nous pour d\u00e9couvrir nos tarifs.\" \/>\n<meta name=\"robots\" content=\"noindex, follow, max-snippet:-1, max-image-preview:large, max-video-preview:-1\" \/>\n<meta property=\"og:locale\" content=\"fr_FR\" \/>\n<meta property=\"og:type\" content=\"article\" \/>\n<meta property=\"og:title\" content=\"Contact &amp; D\u00e9gustation Champagne, Maison Pierre Florent\" \/>\n<meta property=\"og:description\" content=\"R\u00e9servez votre d\u00e9gustation de champagne pr\u00e8s de Reims ou \u00e0 notre d\u00e9p\u00f4t \u00e0 Anse (Lyon). Contactez-nous pour d\u00e9couvrir nos tarifs.\" \/>\n<meta property=\"og:url\" content=\"https:\/\/novadeo.fr\/pierre-florent\/contact\/\" \/>\n<meta property=\"og:site_name\" content=\"Champagne Pierre Florent\" \/>\n<meta property=\"article:publisher\" content=\"https:\/\/www.facebook.com\/ChampagnePierreFLORENT\/\" \/>\n<meta property=\"article:modified_time\" content=\"2025-11-10T14:48:52+00:00\" \/>\n<meta property=\"og:image\" content=\"https:\/\/novadeo.fr\/pierre-florent\/wp-content\/uploads\/2025\/11\/champagne-pierre-florent.jpg\" \/>\n<meta name=\"twitter:card\" content=\"summary_large_image\" \/>\n<meta name=\"twitter:label1\" content=\"Dur\u00e9e de lecture estim\u00e9e\" \/>\n\t<meta name=\"twitter:data1\" content=\"2 minutes\" \/>\n<script type=\"application\/ld+json\" class=\"yoast-schema-graph\">{\"@context\":\"https:\/\/schema.org\",\"@graph\":[{\"@type\":\"WebPage\",\"@id\":\"https:\/\/novadeo.fr\/pierre-florent\/contact\/\",\"url\":\"https:\/\/novadeo.fr\/pierre-florent\/contact\/\",\"name\":\"Contact & D\u00e9gustation Champagne, Maison Pierre Florent\",\"isPartOf\":{\"@id\":\"https:\/\/novadeo.fr\/pierre-florent\/#website\"},\"primaryImageOfPage\":{\"@id\":\"https:\/\/novadeo.fr\/pierre-florent\/contact\/#primaryimage\"},\"image\":{\"@id\":\"https:\/\/novadeo.fr\/pierre-florent\/contact\/#primaryimage\"},\"thumbnailUrl\":\"https:\/\/novadeo.fr\/pierre-florent\/wp-content\/uploads\/2025\/11\/champagne-pierre-florent.jpg\",\"datePublished\":\"2023-09-13T08:28:00+00:00\",\"dateModified\":\"2025-11-10T14:48:52+00:00\",\"description\":\"R\u00e9servez votre d\u00e9gustation de champagne pr\u00e8s de Reims ou \u00e0 notre d\u00e9p\u00f4t \u00e0 Anse (Lyon). Contactez-nous pour d\u00e9couvrir nos tarifs.\",\"breadcrumb\":{\"@id\":\"https:\/\/novadeo.fr\/pierre-florent\/contact\/#breadcrumb\"},\"inLanguage\":\"fr-FR\",\"potentialAction\":[{\"@type\":\"ReadAction\",\"target\":[\"https:\/\/novadeo.fr\/pierre-florent\/contact\/\"]}]},{\"@type\":\"ImageObject\",\"inLanguage\":\"fr-FR\",\"@id\":\"https:\/\/novadeo.fr\/pierre-florent\/contact\/#primaryimage\",\"url\":\"https:\/\/novadeo.fr\/pierre-florent\/wp-content\/uploads\/2025\/11\/champagne-pierre-florent.jpg\",\"contentUrl\":\"https:\/\/novadeo.fr\/pierre-florent\/wp-content\/uploads\/2025\/11\/champagne-pierre-florent.jpg\",\"width\":1024,\"height\":576},{\"@type\":\"BreadcrumbList\",\"@id\":\"https:\/\/novadeo.fr\/pierre-florent\/contact\/#breadcrumb\",\"itemListElement\":[{\"@type\":\"ListItem\",\"position\":1,\"name\":\"Accueil\",\"item\":\"https:\/\/novadeo.fr\/pierre-florent\/\"},{\"@type\":\"ListItem\",\"position\":2,\"name\":\"Contact\"}]},{\"@type\":\"WebSite\",\"@id\":\"https:\/\/novadeo.fr\/pierre-florent\/#website\",\"url\":\"https:\/\/novadeo.fr\/pierre-florent\/\",\"name\":\"Champagne Pierre Florent\",\"description\":\"Une exploitation familiale, un champagne de vignerons\",\"publisher\":{\"@id\":\"https:\/\/novadeo.fr\/pierre-florent\/#organization\"},\"potentialAction\":[{\"@type\":\"SearchAction\",\"target\":{\"@type\":\"EntryPoint\",\"urlTemplate\":\"https:\/\/novadeo.fr\/pierre-florent\/?s={search_term_string}\"},\"query-input\":{\"@type\":\"PropertyValueSpecification\",\"valueRequired\":true,\"valueName\":\"search_term_string\"}}],\"inLanguage\":\"fr-FR\"},{\"@type\":\"Organization\",\"@id\":\"https:\/\/novadeo.fr\/pierre-florent\/#organization\",\"name\":\"Champagne Pierre Florent\",\"url\":\"https:\/\/novadeo.fr\/pierre-florent\/\",\"logo\":{\"@type\":\"ImageObject\",\"inLanguage\":\"fr-FR\",\"@id\":\"https:\/\/novadeo.fr\/pierre-florent\/#\/schema\/logo\/image\/\",\"url\":\"https:\/\/novadeo.fr\/pierre-florent\/wp-content\/uploads\/2025\/09\/Ch-Pierre-Florent-Logo-site.png\",\"contentUrl\":\"https:\/\/novadeo.fr\/pierre-florent\/wp-content\/uploads\/2025\/09\/Ch-Pierre-Florent-Logo-site.png\",\"width\":350,\"height\":151,\"caption\":\"Champagne Pierre Florent\"},\"image\":{\"@id\":\"https:\/\/novadeo.fr\/pierre-florent\/#\/schema\/logo\/image\/\"},\"sameAs\":[\"https:\/\/www.facebook.com\/ChampagnePierreFLORENT\/\",\"https:\/\/www.linkedin.com\/company\/champagnepierreflorent\",\"https:\/\/www.instagram.com\/champagnepierreflorent\/\"]}]}<\/script>\n<!-- \/ Yoast SEO plugin. -->","yoast_head_json":{"title":"Contact & D\u00e9gustation Champagne, Maison Pierre Florent","description":"R\u00e9servez votre d\u00e9gustation de champagne pr\u00e8s de Reims ou \u00e0 notre d\u00e9p\u00f4t \u00e0 Anse (Lyon). Contactez-nous pour d\u00e9couvrir nos tarifs.","robots":{"index":"noindex","follow":"follow","max-snippet":"max-snippet:-1","max-image-preview":"max-image-preview:large","max-video-preview":"max-video-preview:-1"},"og_locale":"fr_FR","og_type":"article","og_title":"Contact & D\u00e9gustation Champagne, Maison Pierre Florent","og_description":"R\u00e9servez votre d\u00e9gustation de champagne pr\u00e8s de Reims ou \u00e0 notre d\u00e9p\u00f4t \u00e0 Anse (Lyon). Contactez-nous pour d\u00e9couvrir nos tarifs.","og_url":"https:\/\/novadeo.fr\/pierre-florent\/contact\/","og_site_name":"Champagne Pierre Florent","article_publisher":"https:\/\/www.facebook.com\/ChampagnePierreFLORENT\/","article_modified_time":"2025-11-10T14:48:52+00:00","og_image":[{"url":"https:\/\/novadeo.fr\/pierre-florent\/wp-content\/uploads\/2025\/11\/champagne-pierre-florent.jpg","type":"","width":"","height":""}],"twitter_card":"summary_large_image","twitter_misc":{"Dur\u00e9e de lecture estim\u00e9e":"2 minutes"},"schema":{"@context":"https:\/\/schema.org","@graph":[{"@type":"WebPage","@id":"https:\/\/novadeo.fr\/pierre-florent\/contact\/","url":"https:\/\/novadeo.fr\/pierre-florent\/contact\/","name":"Contact & D\u00e9gustation Champagne, Maison Pierre Florent","isPartOf":{"@id":"https:\/\/novadeo.fr\/pierre-florent\/#website"},"primaryImageOfPage":{"@id":"https:\/\/novadeo.fr\/pierre-florent\/contact\/#primaryimage"},"image":{"@id":"https:\/\/novadeo.fr\/pierre-florent\/contact\/#primaryimage"},"thumbnailUrl":"https:\/\/novadeo.fr\/pierre-florent\/wp-content\/uploads\/2025\/11\/champagne-pierre-florent.jpg","datePublished":"2023-09-13T08:28:00+00:00","dateModified":"2025-11-10T14:48:52+00:00","description":"R\u00e9servez votre d\u00e9gustation de champagne pr\u00e8s de Reims ou \u00e0 notre d\u00e9p\u00f4t \u00e0 Anse (Lyon). Contactez-nous pour d\u00e9couvrir nos tarifs.","breadcrumb":{"@id":"https:\/\/novadeo.fr\/pierre-florent\/contact\/#breadcrumb"},"inLanguage":"fr-FR","potentialAction":[{"@type":"ReadAction","target":["https:\/\/novadeo.fr\/pierre-florent\/contact\/"]}]},{"@type":"ImageObject","inLanguage":"fr-FR","@id":"https:\/\/novadeo.fr\/pierre-florent\/contact\/#primaryimage","url":"https:\/\/novadeo.fr\/pierre-florent\/wp-content\/uploads\/2025\/11\/champagne-pierre-florent.jpg","contentUrl":"https:\/\/novadeo.fr\/pierre-florent\/wp-content\/uploads\/2025\/11\/champagne-pierre-florent.jpg","width":1024,"height":576},{"@type":"BreadcrumbList","@id":"https:\/\/novadeo.fr\/pierre-florent\/contact\/#breadcrumb","itemListElement":[{"@type":"ListItem","position":1,"name":"Accueil","item":"https:\/\/novadeo.fr\/pierre-florent\/"},{"@type":"ListItem","position":2,"name":"Contact"}]},{"@type":"WebSite","@id":"https:\/\/novadeo.fr\/pierre-florent\/#website","url":"https:\/\/novadeo.fr\/pierre-florent\/","name":"Champagne Pierre Florent","description":"Une exploitation familiale, un champagne de vignerons","publisher":{"@id":"https:\/\/novadeo.fr\/pierre-florent\/#organization"},"potentialAction":[{"@type":"SearchAction","target":{"@type":"EntryPoint","urlTemplate":"https:\/\/novadeo.fr\/pierre-florent\/?s={search_term_string}"},"query-input":{"@type":"PropertyValueSpecification","valueRequired":true,"valueName":"search_term_string"}}],"inLanguage":"fr-FR"},{"@type":"Organization","@id":"https:\/\/novadeo.fr\/pierre-florent\/#organization","name":"Champagne Pierre Florent","url":"https:\/\/novadeo.fr\/pierre-florent\/","logo":{"@type":"ImageObject","inLanguage":"fr-FR","@id":"https:\/\/novadeo.fr\/pierre-florent\/#\/schema\/logo\/image\/","url":"https:\/\/novadeo.fr\/pierre-florent\/wp-content\/uploads\/2025\/09\/Ch-Pierre-Florent-Logo-site.png","contentUrl":"https:\/\/novadeo.fr\/pierre-florent\/wp-content\/uploads\/2025\/09\/Ch-Pierre-Florent-Logo-site.png","width":350,"height":151,"caption":"Champagne Pierre Florent"},"image":{"@id":"https:\/\/novadeo.fr\/pierre-florent\/#\/schema\/logo\/image\/"},"sameAs":["https:\/\/www.facebook.com\/ChampagnePierreFLORENT\/","https:\/\/www.linkedin.com\/company\/champagnepierreflorent","https:\/\/www.instagram.com\/champagnepierreflorent\/"]}]}},"_links":{"self":[{"href":"https:\/\/novadeo.fr\/pierre-florent\/wp-json\/wp\/v2\/pages\/132","targetHints":{"allow":["GET"]}}],"collection":[{"href":"https:\/\/novadeo.fr\/pierre-florent\/wp-json\/wp\/v2\/pages"}],"about":[{"href":"https:\/\/novadeo.fr\/pierre-florent\/wp-json\/wp\/v2\/types\/page"}],"author":[{"embeddable":true,"href":"https:\/\/novadeo.fr\/pierre-florent\/wp-json\/wp\/v2\/users\/1"}],"replies":[{"embeddable":true,"href":"https:\/\/novadeo.fr\/pierre-florent\/wp-json\/wp\/v2\/comments?post=132"}],"version-history":[{"count":6,"href":"https:\/\/novadeo.fr\/pierre-florent\/wp-json\/wp\/v2\/pages\/132\/revisions"}],"predecessor-version":[{"id":4895,"href":"https:\/\/novadeo.fr\/pierre-florent\/wp-json\/wp\/v2\/pages\/132\/revisions\/4895"}],"wp:attachment":[{"href":"https:\/\/novadeo.fr\/pierre-florent\/wp-json\/wp\/v2\/media?parent=132"}],"curies":[{"name":"wp","href":"https:\/\/api.w.org\/{rel}","templated":true}]}}