{"id":445,"date":"2020-02-03T07:27:11","date_gmt":"2020-02-03T07:27:11","guid":{"rendered":"http:\/\/novadeo.fr\/bulles-d-enfants\/?page_id=445"},"modified":"2024-09-16T12:58:10","modified_gmt":"2024-09-16T10:58:10","slug":"franchise-garderie","status":"publish","type":"page","link":"http:\/\/novadeo.fr\/bulles-d-enfants\/","title":{"rendered":"Accueil"},"content":{"rendered":"\t\t<div data-elementor-type=\"wp-page\" data-elementor-id=\"445\" class=\"elementor elementor-445\">\n\t\t\t\t\t\t<section class=\"elementor-section elementor-top-section elementor-element elementor-element-307f068 elementor-section-full_width elementor-section-height-default elementor-section-height-default\" data-id=\"307f068\" data-element_type=\"section\" data-settings=\"{&quot;background_background&quot;:&quot;classic&quot;}\">\n\t\t\t\t\t\t<div class=\"elementor-container elementor-column-gap-no\">\n\t\t\t\t\t<div class=\"elementor-column elementor-col-100 elementor-top-column elementor-element elementor-element-a3780c7\" data-id=\"a3780c7\" data-element_type=\"column\">\n\t\t\t<div class=\"elementor-widget-wrap\">\n\t\t\t\t\t\t\t<\/div>\n\t\t<\/div>\n\t\t\t\t\t<\/div>\n\t\t<\/section>\n\t\t\t\t<section class=\"elementor-section elementor-top-section elementor-element elementor-element-b61d2fa courses-area ptb-100 elementor-section-boxed elementor-section-height-default elementor-section-height-default\" data-id=\"b61d2fa\" data-element_type=\"section\">\n\t\t\t\t\t\t<div class=\"elementor-container elementor-column-gap-no\">\n\t\t\t\t\t<div class=\"elementor-column elementor-col-100 elementor-top-column elementor-element elementor-element-7deab51\" data-id=\"7deab51\" data-element_type=\"column\">\n\t\t\t<div class=\"elementor-widget-wrap\">\n\t\t\t\t\t\t\t<\/div>\n\t\t<\/div>\n\t\t\t\t\t<\/div>\n\t\t<\/section>\n\t\t\t\t<section class=\"elementor-section elementor-top-section elementor-element elementor-element-6873f9e elementor-section-full_width elementor-section-height-default elementor-section-height-default\" data-id=\"6873f9e\" data-element_type=\"section\">\n\t\t\t\t\t\t<div class=\"elementor-container elementor-column-gap-no\">\n\t\t\t\t\t<div class=\"elementor-column elementor-col-100 elementor-top-column elementor-element elementor-element-4168dae\" data-id=\"4168dae\" data-element_type=\"column\">\n\t\t\t<div class=\"elementor-widget-wrap\">\n\t\t\t\t\t\t\t<\/div>\n\t\t<\/div>\n\t\t\t\t\t<\/div>\n\t\t<\/section>\n\t\t\t\t<section class=\"elementor-section elementor-top-section elementor-element elementor-element-eb38b33 elementor-section-full_width elementor-section-height-default elementor-section-height-default\" data-id=\"eb38b33\" data-element_type=\"section\">\n\t\t\t\t\t\t<div class=\"elementor-container elementor-column-gap-no\">\n\t\t\t\t\t<div class=\"elementor-column elementor-col-100 elementor-top-column elementor-element elementor-element-dd3fe86\" data-id=\"dd3fe86\" data-element_type=\"column\">\n\t\t\t<div class=\"elementor-widget-wrap\">\n\t\t\t\t\t\t\t<\/div>\n\t\t<\/div>\n\t\t\t\t\t<\/div>\n\t\t<\/section>\n\t\t\t\t<div class=\"elementor-section elementor-top-section elementor-element elementor-element-b650e16 elementor-section-full_width become-instructor-partner-area elementor-section-height-default elementor-section-height-default\" data-id=\"b650e16\" data-element_type=\"section\">\n\t\t\t\t\t\t<div class=\"elementor-container elementor-column-gap-no\">\n\t\t\t\t\t<div class=\"elementor-column elementor-col-100 elementor-top-column elementor-element elementor-element-abfbb3a\" data-id=\"abfbb3a\" data-element_type=\"column\">\n\t\t\t<div class=\"elementor-widget-wrap\">\n\t\t\t\t\t\t\t<\/div>\n\t\t<\/div>\n\t\t\t\t\t<\/div>\n\t\t<\/div>\n\t\t\t\t<section class=\"elementor-section elementor-top-section elementor-element elementor-element-d1955e0 blog-area pt-100 pb-70 elementor-section-boxed elementor-section-height-default elementor-section-height-default\" data-id=\"d1955e0\" data-element_type=\"section\" data-settings=\"{&quot;background_background&quot;:&quot;classic&quot;}\">\n\t\t\t\t\t\t<div class=\"elementor-container elementor-column-gap-default\">\n\t\t\t\t\t<div class=\"elementor-column elementor-col-100 elementor-top-column elementor-element elementor-element-5d97a02\" data-id=\"5d97a02\" data-element_type=\"column\">\n\t\t\t<div class=\"elementor-widget-wrap\">\n\t\t\t\t\t\t\t<\/div>\n\t\t<\/div>\n\t\t\t\t\t<\/div>\n\t\t<\/section>\n\t\t\t\t<section class=\"elementor-section elementor-top-section elementor-element elementor-element-f20b799 elementor-section-full_width elementor-section-height-default elementor-section-height-default\" data-id=\"f20b799\" data-element_type=\"section\">\n\t\t\t\t\t\t<div class=\"elementor-container elementor-column-gap-no\">\n\t\t\t\t\t<div class=\"elementor-column elementor-col-100 elementor-top-column elementor-element elementor-element-ffa8af0\" data-id=\"ffa8af0\" data-element_type=\"column\">\n\t\t\t<div class=\"elementor-widget-wrap\">\n\t\t\t\t\t\t\t<\/div>\n\t\t<\/div>\n\t\t\t\t\t<\/div>\n\t\t<\/section>\n\t\t\t\t<\/div>\n\t\t","protected":false},"excerpt":{"rendered":"<p>Futur(e)s franchis\u00e9(e)s de la Garde d&rsquo;enfants \u00e0 domicile Bien grandir, ensemble Quoi de plus naturel comme promesse faite \u00e0 nos futur(e)s franchis\u00e9(e)s, quand on on est sp\u00e9cialiste de la garde d\u2019enfants depuis une dizaine d\u2019ann\u00e9es ? Notre entreprise vous ouvre une nouvelle page de son histoire, d\u00e9j\u00e0 riche de belles r\u00e9ussites, et de belles histoires. <\/p>\n","protected":false},"author":1,"featured_media":0,"parent":0,"menu_order":0,"comment_status":"closed","ping_status":"closed","template":"","meta":{"_acf_changed":false,"footnotes":""},"acf":[],"yoast_head":"<!-- This site is optimized with the Yoast SEO plugin v23.4 - https:\/\/yoast.com\/wordpress\/plugins\/seo\/ -->\n<title>Franchise Garderie Bulles d&#039;enfants, Bien Grandir Ensemble<\/title>\n<meta name=\"description\" content=\"Envie de donner du sens \u00e0 votre projet d&#039;entreprise ? La franchise garderie Bulles d&#039;Enfants, l&#039;opportunit\u00e9 de lier passion et rentabilit\u00e9.\" \/>\n<meta name=\"robots\" content=\"noindex, follow, max-snippet:-1, max-image-preview:large, max-video-preview:-1\" \/>\n<meta property=\"og:locale\" content=\"fr_FR\" \/>\n<meta property=\"og:type\" content=\"article\" \/>\n<meta property=\"og:title\" content=\"Franchise Garderie Bulles d&#039;enfants, Bien Grandir Ensemble\" \/>\n<meta property=\"og:description\" content=\"Envie de donner du sens \u00e0 votre projet d&#039;entreprise ? La franchise garderie Bulles d&#039;Enfants, l&#039;opportunit\u00e9 de lier passion et rentabilit\u00e9.\" \/>\n<meta property=\"og:url\" content=\"http:\/\/novadeo.fr\/bulles-d-enfants\/\" \/>\n<meta property=\"og:site_name\" content=\"Bulles d&#039;enfants\" \/>\n<meta property=\"article:publisher\" content=\"https:\/\/www.facebook.com\/profile.php?id=61563858201587\" \/>\n<meta property=\"article:modified_time\" content=\"2024-09-16T10:58:10+00:00\" \/>\n<meta property=\"og:image\" content=\"http:\/\/novadeo.fr\/bulles-d-enfants\/wp-content\/uploads\/2024\/09\/franchise-petite-enfance-690x570.jpg\" \/>\n<meta name=\"twitter:card\" content=\"summary_large_image\" \/>\n<meta name=\"twitter:label1\" content=\"Dur\u00e9e de lecture estim\u00e9e\" \/>\n\t<meta name=\"twitter:data1\" content=\"5 minutes\" \/>\n<script type=\"application\/ld+json\" class=\"yoast-schema-graph\">{\"@context\":\"https:\/\/schema.org\",\"@graph\":[{\"@type\":\"WebPage\",\"@id\":\"http:\/\/novadeo.fr\/bulles-d-enfants\/\",\"url\":\"http:\/\/novadeo.fr\/bulles-d-enfants\/\",\"name\":\"Franchise Garderie Bulles d'enfants, Bien Grandir Ensemble\",\"isPartOf\":{\"@id\":\"http:\/\/novadeo.fr\/bulles-d-enfants\/#website\"},\"primaryImageOfPage\":{\"@id\":\"http:\/\/novadeo.fr\/bulles-d-enfants\/#primaryimage\"},\"image\":{\"@id\":\"http:\/\/novadeo.fr\/bulles-d-enfants\/#primaryimage\"},\"thumbnailUrl\":\"http:\/\/novadeo.fr\/bulles-d-enfants\/wp-content\/uploads\/2024\/09\/franchise-petite-enfance-690x570.jpg\",\"datePublished\":\"2020-02-03T07:27:11+00:00\",\"dateModified\":\"2024-09-16T10:58:10+00:00\",\"description\":\"Envie de donner du sens \u00e0 votre projet d'entreprise ? La franchise garderie Bulles d'Enfants, l'opportunit\u00e9 de lier passion et rentabilit\u00e9.\",\"breadcrumb\":{\"@id\":\"http:\/\/novadeo.fr\/bulles-d-enfants\/#breadcrumb\"},\"inLanguage\":\"fr-FR\",\"potentialAction\":[{\"@type\":\"ReadAction\",\"target\":[\"http:\/\/novadeo.fr\/bulles-d-enfants\/\"]}]},{\"@type\":\"ImageObject\",\"inLanguage\":\"fr-FR\",\"@id\":\"http:\/\/novadeo.fr\/bulles-d-enfants\/#primaryimage\",\"url\":\"http:\/\/novadeo.fr\/bulles-d-enfants\/wp-content\/uploads\/2024\/09\/franchise-petite-enfance.jpg\",\"contentUrl\":\"http:\/\/novadeo.fr\/bulles-d-enfants\/wp-content\/uploads\/2024\/09\/franchise-petite-enfance.jpg\",\"width\":1200,\"height\":800,\"caption\":\"Parents leaving their daughter with nanny at home\"},{\"@type\":\"BreadcrumbList\",\"@id\":\"http:\/\/novadeo.fr\/bulles-d-enfants\/#breadcrumb\",\"itemListElement\":[{\"@type\":\"ListItem\",\"position\":1,\"name\":\"Accueil\",\"item\":\"http:\/\/novadeo.fr\/bulles-d-enfants\/\"},{\"@type\":\"ListItem\",\"position\":2,\"name\":\"Accueil\"}]},{\"@type\":\"WebSite\",\"@id\":\"http:\/\/novadeo.fr\/bulles-d-enfants\/#website\",\"url\":\"http:\/\/novadeo.fr\/bulles-d-enfants\/\",\"name\":\"Bulles d'enfants\",\"description\":\"Bien grandir, ensemble\",\"publisher\":{\"@id\":\"http:\/\/novadeo.fr\/bulles-d-enfants\/#organization\"},\"potentialAction\":[{\"@type\":\"SearchAction\",\"target\":{\"@type\":\"EntryPoint\",\"urlTemplate\":\"http:\/\/novadeo.fr\/bulles-d-enfants\/?s={search_term_string}\"},\"query-input\":{\"@type\":\"PropertyValueSpecification\",\"valueRequired\":true,\"valueName\":\"search_term_string\"}}],\"inLanguage\":\"fr-FR\"},{\"@type\":\"Organization\",\"@id\":\"http:\/\/novadeo.fr\/bulles-d-enfants\/#organization\",\"name\":\"Bulles d'enfants\",\"url\":\"http:\/\/novadeo.fr\/bulles-d-enfants\/\",\"logo\":{\"@type\":\"ImageObject\",\"inLanguage\":\"fr-FR\",\"@id\":\"http:\/\/novadeo.fr\/bulles-d-enfants\/#\/schema\/logo\/image\/\",\"url\":\"http:\/\/novadeo.fr\/bulles-d-enfants\/wp-content\/uploads\/2024\/07\/logo-bulles-enfants.jpg\",\"contentUrl\":\"http:\/\/novadeo.fr\/bulles-d-enfants\/wp-content\/uploads\/2024\/07\/logo-bulles-enfants.jpg\",\"width\":400,\"height\":84,\"caption\":\"Bulles d'enfants\"},\"image\":{\"@id\":\"http:\/\/novadeo.fr\/bulles-d-enfants\/#\/schema\/logo\/image\/\"},\"sameAs\":[\"https:\/\/www.facebook.com\/profile.php?id=61563858201587\",\"https:\/\/www.linkedin.com\/company\/bulles-d-enfants\/\"]}]}<\/script>\n<!-- \/ Yoast SEO plugin. -->","yoast_head_json":{"title":"Franchise Garderie Bulles d'enfants, Bien Grandir Ensemble","description":"Envie de donner du sens \u00e0 votre projet d'entreprise ? La franchise garderie Bulles d'Enfants, l'opportunit\u00e9 de lier passion et rentabilit\u00e9.","robots":{"index":"noindex","follow":"follow","max-snippet":"max-snippet:-1","max-image-preview":"max-image-preview:large","max-video-preview":"max-video-preview:-1"},"og_locale":"fr_FR","og_type":"article","og_title":"Franchise Garderie Bulles d'enfants, Bien Grandir Ensemble","og_description":"Envie de donner du sens \u00e0 votre projet d'entreprise ? La franchise garderie Bulles d'Enfants, l'opportunit\u00e9 de lier passion et rentabilit\u00e9.","og_url":"http:\/\/novadeo.fr\/bulles-d-enfants\/","og_site_name":"Bulles d&#039;enfants","article_publisher":"https:\/\/www.facebook.com\/profile.php?id=61563858201587","article_modified_time":"2024-09-16T10:58:10+00:00","og_image":[{"url":"http:\/\/novadeo.fr\/bulles-d-enfants\/wp-content\/uploads\/2024\/09\/franchise-petite-enfance-690x570.jpg"}],"twitter_card":"summary_large_image","twitter_misc":{"Dur\u00e9e de lecture estim\u00e9e":"5 minutes"},"schema":{"@context":"https:\/\/schema.org","@graph":[{"@type":"WebPage","@id":"http:\/\/novadeo.fr\/bulles-d-enfants\/","url":"http:\/\/novadeo.fr\/bulles-d-enfants\/","name":"Franchise Garderie Bulles d'enfants, Bien Grandir Ensemble","isPartOf":{"@id":"http:\/\/novadeo.fr\/bulles-d-enfants\/#website"},"primaryImageOfPage":{"@id":"http:\/\/novadeo.fr\/bulles-d-enfants\/#primaryimage"},"image":{"@id":"http:\/\/novadeo.fr\/bulles-d-enfants\/#primaryimage"},"thumbnailUrl":"http:\/\/novadeo.fr\/bulles-d-enfants\/wp-content\/uploads\/2024\/09\/franchise-petite-enfance-690x570.jpg","datePublished":"2020-02-03T07:27:11+00:00","dateModified":"2024-09-16T10:58:10+00:00","description":"Envie de donner du sens \u00e0 votre projet d'entreprise ? La franchise garderie Bulles d'Enfants, l'opportunit\u00e9 de lier passion et rentabilit\u00e9.","breadcrumb":{"@id":"http:\/\/novadeo.fr\/bulles-d-enfants\/#breadcrumb"},"inLanguage":"fr-FR","potentialAction":[{"@type":"ReadAction","target":["http:\/\/novadeo.fr\/bulles-d-enfants\/"]}]},{"@type":"ImageObject","inLanguage":"fr-FR","@id":"http:\/\/novadeo.fr\/bulles-d-enfants\/#primaryimage","url":"http:\/\/novadeo.fr\/bulles-d-enfants\/wp-content\/uploads\/2024\/09\/franchise-petite-enfance.jpg","contentUrl":"http:\/\/novadeo.fr\/bulles-d-enfants\/wp-content\/uploads\/2024\/09\/franchise-petite-enfance.jpg","width":1200,"height":800,"caption":"Parents leaving their daughter with nanny at home"},{"@type":"BreadcrumbList","@id":"http:\/\/novadeo.fr\/bulles-d-enfants\/#breadcrumb","itemListElement":[{"@type":"ListItem","position":1,"name":"Accueil","item":"http:\/\/novadeo.fr\/bulles-d-enfants\/"},{"@type":"ListItem","position":2,"name":"Accueil"}]},{"@type":"WebSite","@id":"http:\/\/novadeo.fr\/bulles-d-enfants\/#website","url":"http:\/\/novadeo.fr\/bulles-d-enfants\/","name":"Bulles d'enfants","description":"Bien grandir, ensemble","publisher":{"@id":"http:\/\/novadeo.fr\/bulles-d-enfants\/#organization"},"potentialAction":[{"@type":"SearchAction","target":{"@type":"EntryPoint","urlTemplate":"http:\/\/novadeo.fr\/bulles-d-enfants\/?s={search_term_string}"},"query-input":{"@type":"PropertyValueSpecification","valueRequired":true,"valueName":"search_term_string"}}],"inLanguage":"fr-FR"},{"@type":"Organization","@id":"http:\/\/novadeo.fr\/bulles-d-enfants\/#organization","name":"Bulles d'enfants","url":"http:\/\/novadeo.fr\/bulles-d-enfants\/","logo":{"@type":"ImageObject","inLanguage":"fr-FR","@id":"http:\/\/novadeo.fr\/bulles-d-enfants\/#\/schema\/logo\/image\/","url":"http:\/\/novadeo.fr\/bulles-d-enfants\/wp-content\/uploads\/2024\/07\/logo-bulles-enfants.jpg","contentUrl":"http:\/\/novadeo.fr\/bulles-d-enfants\/wp-content\/uploads\/2024\/07\/logo-bulles-enfants.jpg","width":400,"height":84,"caption":"Bulles d'enfants"},"image":{"@id":"http:\/\/novadeo.fr\/bulles-d-enfants\/#\/schema\/logo\/image\/"},"sameAs":["https:\/\/www.facebook.com\/profile.php?id=61563858201587","https:\/\/www.linkedin.com\/company\/bulles-d-enfants\/"]}]}},"_links":{"self":[{"href":"http:\/\/novadeo.fr\/bulles-d-enfants\/wp-json\/wp\/v2\/pages\/445"}],"collection":[{"href":"http:\/\/novadeo.fr\/bulles-d-enfants\/wp-json\/wp\/v2\/pages"}],"about":[{"href":"http:\/\/novadeo.fr\/bulles-d-enfants\/wp-json\/wp\/v2\/types\/page"}],"author":[{"embeddable":true,"href":"http:\/\/novadeo.fr\/bulles-d-enfants\/wp-json\/wp\/v2\/users\/1"}],"replies":[{"embeddable":true,"href":"http:\/\/novadeo.fr\/bulles-d-enfants\/wp-json\/wp\/v2\/comments?post=445"}],"version-history":[{"count":71,"href":"http:\/\/novadeo.fr\/bulles-d-enfants\/wp-json\/wp\/v2\/pages\/445\/revisions"}],"predecessor-version":[{"id":2703,"href":"http:\/\/novadeo.fr\/bulles-d-enfants\/wp-json\/wp\/v2\/pages\/445\/revisions\/2703"}],"wp:attachment":[{"href":"http:\/\/novadeo.fr\/bulles-d-enfants\/wp-json\/wp\/v2\/media?parent=445"}],"curies":[{"name":"wp","href":"https:\/\/api.w.org\/{rel}","templated":true}]}}