{"id":2477,"date":"2020-02-05T09:59:45","date_gmt":"2020-02-05T08:59:45","guid":{"rendered":"http:\/\/novadeo.fr\/bulles-d-enfants\/?page_id=2477"},"modified":"2024-09-16T13:03:03","modified_gmt":"2024-09-16T11:03:03","slug":"profil-travailler-en-petite-enfance","status":"publish","type":"page","link":"http:\/\/novadeo.fr\/bulles-d-enfants\/profil-travailler-en-petite-enfance\/","title":{"rendered":"Votre profil"},"content":{"rendered":"\t\t<div data-elementor-type=\"wp-page\" data-elementor-id=\"2477\" class=\"elementor elementor-2477\">\n\t\t\t\t\t\t<div class=\"elementor-section elementor-top-section elementor-element elementor-element-4c4b666 elementor-section-full_width become-instructor-partner-area elementor-section-height-default elementor-section-height-default\" data-id=\"4c4b666\" data-element_type=\"section\">\n\t\t\t\t\t\t<div class=\"elementor-container elementor-column-gap-no\">\n\t\t\t\t\t<div class=\"elementor-column elementor-col-100 elementor-top-column elementor-element elementor-element-4ca6263\" data-id=\"4ca6263\" data-element_type=\"column\">\n\t\t\t<div class=\"elementor-widget-wrap\">\n\t\t\t\t\t\t\t<\/div>\n\t\t<\/div>\n\t\t\t\t\t<\/div>\n\t\t<\/div>\n\t\t\t\t<div class=\"elementor-section elementor-top-section elementor-element elementor-element-595836c elementor-section-full_width become-instructor-partner-area elementor-section-height-default elementor-section-height-default\" data-id=\"595836c\" data-element_type=\"section\" data-settings=\"{&quot;background_background&quot;:&quot;classic&quot;}\">\n\t\t\t\t\t\t<div class=\"elementor-container elementor-column-gap-no\">\n\t\t\t\t\t<div class=\"elementor-column elementor-col-100 elementor-top-column elementor-element elementor-element-5725aab\" data-id=\"5725aab\" data-element_type=\"column\">\n\t\t\t<div class=\"elementor-widget-wrap elementor-element-populated\">\n\t\t\t\t\t\t<div class=\"elementor-element elementor-element-62b247d elementor-widget elementor-widget-text-editor\" data-id=\"62b247d\" data-element_type=\"widget\" data-widget_type=\"text-editor.default\">\n\t\t\t\t<div class=\"elementor-widget-container\">\n\t\t\t\t\t\t\t\u00ab\u00a0Ce qui compte par-dessus tout, c\u2019est votre envie d\u2019entreprendre, et de cr\u00e9er une entreprise utile autour de vous !\u00a0\u00bb\t\t\t\t\t\t<\/div>\n\t\t\t\t<\/div>\n\t\t\t\t\t<\/div>\n\t\t<\/div>\n\t\t\t\t\t<\/div>\n\t\t<\/div>\n\t\t\t\t<section class=\"elementor-section elementor-top-section elementor-element elementor-element-95730da story-area ptb-100 elementor-section-boxed elementor-section-height-default elementor-section-height-default\" data-id=\"95730da\" data-element_type=\"section\" data-settings=\"{&quot;background_background&quot;:&quot;classic&quot;}\">\n\t\t\t\t\t\t<div class=\"elementor-container elementor-column-gap-default\">\n\t\t\t\t\t<div class=\"elementor-column elementor-col-100 elementor-top-column elementor-element elementor-element-4da3528\" data-id=\"4da3528\" data-element_type=\"column\">\n\t\t\t<div class=\"elementor-widget-wrap elementor-element-populated\">\n\t\t\t\t\t\t<section class=\"elementor-section elementor-inner-section elementor-element elementor-element-08bf37a elementor-section-boxed elementor-section-height-default elementor-section-height-default\" data-id=\"08bf37a\" data-element_type=\"section\">\n\t\t\t\t\t\t<div class=\"elementor-container elementor-column-gap-default\">\n\t\t\t\t\t<div class=\"elementor-column elementor-col-50 elementor-inner-column elementor-element elementor-element-9fbfa1b\" data-id=\"9fbfa1b\" data-element_type=\"column\">\n\t\t\t<div class=\"elementor-widget-wrap elementor-element-populated\">\n\t\t\t\t\t\t<div class=\"elementor-element elementor-element-3acacc6 elementor-widget elementor-widget-image\" data-id=\"3acacc6\" data-element_type=\"widget\" data-widget_type=\"image.default\">\n\t\t\t\t<div class=\"elementor-widget-container\">\n\t\t\t\t\t\t\t\t\t\t\t\t\t<img fetchpriority=\"high\" decoding=\"async\" width=\"640\" height=\"518\" src=\"http:\/\/novadeo.fr\/bulles-d-enfants\/wp-content\/uploads\/2024\/09\/creer-agence-nounou.png\" class=\"attachment-large size-large wp-image-2629\" alt=\"\" srcset=\"http:\/\/novadeo.fr\/bulles-d-enfants\/wp-content\/uploads\/2024\/09\/creer-agence-nounou.png 773w, http:\/\/novadeo.fr\/bulles-d-enfants\/wp-content\/uploads\/2024\/09\/creer-agence-nounou-300x243.png 300w, http:\/\/novadeo.fr\/bulles-d-enfants\/wp-content\/uploads\/2024\/09\/creer-agence-nounou-768x622.png 768w, http:\/\/novadeo.fr\/bulles-d-enfants\/wp-content\/uploads\/2024\/09\/creer-agence-nounou-500x404.png 500w, http:\/\/novadeo.fr\/bulles-d-enfants\/wp-content\/uploads\/2024\/09\/creer-agence-nounou-600x485.png 600w\" sizes=\"(max-width: 640px) 100vw, 640px\" \/>\t\t\t\t\t\t\t\t\t\t\t\t\t<\/div>\n\t\t\t\t<\/div>\n\t\t\t\t\t<\/div>\n\t\t<\/div>\n\t\t\t\t<div class=\"elementor-column elementor-col-100 elementor-inner-column elementor-element elementor-element-656067e\" data-id=\"656067e\" data-element_type=\"column\">\n\t\t\t<div class=\"elementor-widget-wrap\">\n\t\t\t\t\t\t\t<\/div>\n\t\t<\/div>\n\t\t\t\t\t<\/div>\n\t\t<\/section>\n\t\t\t\t\t<\/div>\n\t\t<\/div>\n\t\t\t\t\t<\/div>\n\t\t<\/section>\n\t\t\t\t<section class=\"elementor-section elementor-top-section elementor-element elementor-element-04f434a elementor-section-full_width funfacts-area pt-100 elementor-section-height-default elementor-section-height-default\" data-id=\"04f434a\" data-element_type=\"section\">\n\t\t\t\t\t\t<div class=\"elementor-container elementor-column-gap-no\">\n\t\t\t\t\t<div class=\"elementor-column elementor-col-100 elementor-top-column elementor-element elementor-element-94a587a\" data-id=\"94a587a\" data-element_type=\"column\">\n\t\t\t<div class=\"elementor-widget-wrap\">\n\t\t\t\t\t\t\t<\/div>\n\t\t<\/div>\n\t\t\t\t\t<\/div>\n\t\t<\/section>\n\t\t\t\t<section class=\"elementor-section elementor-top-section elementor-element elementor-element-8bcec03 elementor-section-full_width elementor-section-height-default elementor-section-height-default\" data-id=\"8bcec03\" data-element_type=\"section\" data-settings=\"{&quot;background_background&quot;:&quot;classic&quot;}\">\n\t\t\t\t\t\t<div class=\"elementor-container elementor-column-gap-no\">\n\t\t\t\t\t<div class=\"elementor-column elementor-col-100 elementor-top-column elementor-element elementor-element-e6f5594\" data-id=\"e6f5594\" data-element_type=\"column\">\n\t\t\t<div class=\"elementor-widget-wrap elementor-element-populated\">\n\t\t\t\t\t\t<div class=\"elementor-element elementor-element-2863b5a elementor-view-stacked elementor-shape-circle elementor-position-top elementor-mobile-position-top elementor-widget elementor-widget-icon-box\" data-id=\"2863b5a\" data-element_type=\"widget\" data-widget_type=\"icon-box.default\">\n\t\t\t\t<div class=\"elementor-widget-container\">\n\t\t\t\t\t<div class=\"elementor-icon-box-wrapper\">\n\n\t\t\t\t\t\t<div class=\"elementor-icon-box-icon\">\n\t\t\t\t<span  class=\"elementor-icon elementor-animation-\">\n\t\t\t\t<i aria-hidden=\"true\" class=\"fas fa-star\"><\/i>\t\t\t\t<\/span>\n\t\t\t<\/div>\n\t\t\t\n\t\t\t\t\t\t<div class=\"elementor-icon-box-content\">\n\n\t\t\t\t\t\t\t\t\t<h3 class=\"elementor-icon-box-title\">\n\t\t\t\t\t\t<span>\n\t\t\t\t\t\t\tOuverture de votre agence\t\t\t\t\t\t<\/span>\n\t\t\t\t\t<\/h3>\n\t\t\t\t\n\t\t\t\t\n\t\t\t<\/div>\n\t\t\t\n\t\t<\/div>\n\t\t\t\t<\/div>\n\t\t\t\t<\/div>\n\t\t\t\t\t<\/div>\n\t\t<\/div>\n\t\t\t\t\t<\/div>\n\t\t<\/section>\n\t\t\t\t<div class=\"elementor-section elementor-top-section elementor-element elementor-element-f150494 elementor-section-full_width become-instructor-partner-area elementor-section-height-default elementor-section-height-default\" data-id=\"f150494\" data-element_type=\"section\" data-settings=\"{&quot;background_background&quot;:&quot;classic&quot;}\">\n\t\t\t\t\t\t<div class=\"elementor-container elementor-column-gap-no\">\n\t\t\t\t\t<div class=\"elementor-column elementor-col-100 elementor-top-column elementor-element elementor-element-246f5a7\" data-id=\"246f5a7\" data-element_type=\"column\">\n\t\t\t<div class=\"elementor-widget-wrap elementor-element-populated\">\n\t\t\t\t\t\t<div class=\"elementor-element elementor-element-8fd2d97 elementor-align-center elementor-widget elementor-widget-button\" data-id=\"8fd2d97\" data-element_type=\"widget\" data-widget_type=\"button.default\">\n\t\t\t\t<div class=\"elementor-widget-container\">\n\t\t\t\t\t<div class=\"elementor-button-wrapper\">\n\t\t\t<a class=\"elementor-button elementor-button-link elementor-size-sm\" href=\"http:\/\/novadeo.fr\/bulles-d-enfants\/contact-ouvrir-franchise-enfants\/\">\n\t\t\t\t\t\t<span class=\"elementor-button-content-wrapper\">\n\t\t\t\t\t\t\t\t\t<span class=\"elementor-button-text\">D\u00e9poser votre candidature<\/span>\n\t\t\t\t\t<\/span>\n\t\t\t\t\t<\/a>\n\t\t<\/div>\n\t\t\t\t<\/div>\n\t\t\t\t<\/div>\n\t\t\t\t\t<\/div>\n\t\t<\/div>\n\t\t\t\t\t<\/div>\n\t\t<\/div>\n\t\t\t\t<\/div>\n\t\t","protected":false},"excerpt":{"rendered":"<p>Comp\u00e9tences et exp\u00e9rience Nous aidons les entrepreneurs \u00e0 grandir : quoi de plus naturel pour nous ? A l\u2019inverse des recrutements de nounous pour lesquelles nous cherchons syst\u00e9matiquement des personnes dipl\u00f4m\u00e9es de la petite enfance (type CAP Petite Enfance), l\u2019ouverture de nouvelles agences en franchise s\u2019adresse \u00e0 des profils vari\u00e9s. Une exp\u00e9rience de la petite <\/p>\n","protected":false},"author":1,"featured_media":2627,"parent":0,"menu_order":0,"comment_status":"closed","ping_status":"closed","template":"","meta":{"_acf_changed":false,"footnotes":""},"acf":[],"yoast_head":"<!-- This site is optimized with the Yoast SEO plugin v23.4 - https:\/\/yoast.com\/wordpress\/plugins\/seo\/ -->\n<title>Profil Pour Travailler En Petite Enfance, Bulles d&#039;Enfants<\/title>\n<meta name=\"description\" content=\"Envie de travailler en petite enfance et cr\u00e9er votre entreprise ? Devenez franchis\u00e9 Bulles d&#039;Enfants et profitez de notre expertise.\" \/>\n<meta name=\"robots\" content=\"noindex, follow, max-snippet:-1, max-image-preview:large, max-video-preview:-1\" \/>\n<meta property=\"og:locale\" content=\"fr_FR\" \/>\n<meta property=\"og:type\" content=\"article\" \/>\n<meta property=\"og:title\" content=\"Profil Pour Travailler En Petite Enfance, Bulles d&#039;Enfants\" \/>\n<meta property=\"og:description\" content=\"Envie de travailler en petite enfance et cr\u00e9er votre entreprise ? Devenez franchis\u00e9 Bulles d&#039;Enfants et profitez de notre expertise.\" \/>\n<meta property=\"og:url\" content=\"http:\/\/novadeo.fr\/bulles-d-enfants\/profil-travailler-en-petite-enfance\/\" \/>\n<meta property=\"og:site_name\" content=\"Bulles d&#039;enfants\" \/>\n<meta property=\"article:publisher\" content=\"https:\/\/www.facebook.com\/profile.php?id=61563858201587\" \/>\n<meta property=\"article:modified_time\" content=\"2024-09-16T11:03:03+00:00\" \/>\n<meta property=\"og:image\" content=\"http:\/\/novadeo.fr\/bulles-d-enfants\/wp-content\/uploads\/2024\/09\/reseau-franchise-garde-enfants.jpg\" \/>\n\t<meta property=\"og:image:width\" content=\"2000\" \/>\n\t<meta property=\"og:image:height\" content=\"1150\" \/>\n\t<meta property=\"og:image:type\" content=\"image\/jpeg\" \/>\n<meta name=\"twitter:card\" content=\"summary_large_image\" \/>\n<meta name=\"twitter:label1\" content=\"Dur\u00e9e de lecture estim\u00e9e\" \/>\n\t<meta name=\"twitter:data1\" content=\"2 minutes\" \/>\n<script type=\"application\/ld+json\" class=\"yoast-schema-graph\">{\"@context\":\"https:\/\/schema.org\",\"@graph\":[{\"@type\":\"WebPage\",\"@id\":\"http:\/\/novadeo.fr\/bulles-d-enfants\/profil-travailler-en-petite-enfance\/\",\"url\":\"http:\/\/novadeo.fr\/bulles-d-enfants\/profil-travailler-en-petite-enfance\/\",\"name\":\"Profil Pour Travailler En Petite Enfance, Bulles d'Enfants\",\"isPartOf\":{\"@id\":\"http:\/\/novadeo.fr\/bulles-d-enfants\/#website\"},\"primaryImageOfPage\":{\"@id\":\"http:\/\/novadeo.fr\/bulles-d-enfants\/profil-travailler-en-petite-enfance\/#primaryimage\"},\"image\":{\"@id\":\"http:\/\/novadeo.fr\/bulles-d-enfants\/profil-travailler-en-petite-enfance\/#primaryimage\"},\"thumbnailUrl\":\"http:\/\/novadeo.fr\/bulles-d-enfants\/wp-content\/uploads\/2024\/09\/reseau-franchise-garde-enfants.jpg\",\"datePublished\":\"2020-02-05T08:59:45+00:00\",\"dateModified\":\"2024-09-16T11:03:03+00:00\",\"description\":\"Envie de travailler en petite enfance et cr\u00e9er votre entreprise ? Devenez franchis\u00e9 Bulles d'Enfants et profitez de notre expertise.\",\"breadcrumb\":{\"@id\":\"http:\/\/novadeo.fr\/bulles-d-enfants\/profil-travailler-en-petite-enfance\/#breadcrumb\"},\"inLanguage\":\"fr-FR\",\"potentialAction\":[{\"@type\":\"ReadAction\",\"target\":[\"http:\/\/novadeo.fr\/bulles-d-enfants\/profil-travailler-en-petite-enfance\/\"]}]},{\"@type\":\"ImageObject\",\"inLanguage\":\"fr-FR\",\"@id\":\"http:\/\/novadeo.fr\/bulles-d-enfants\/profil-travailler-en-petite-enfance\/#primaryimage\",\"url\":\"http:\/\/novadeo.fr\/bulles-d-enfants\/wp-content\/uploads\/2024\/09\/reseau-franchise-garde-enfants.jpg\",\"contentUrl\":\"http:\/\/novadeo.fr\/bulles-d-enfants\/wp-content\/uploads\/2024\/09\/reseau-franchise-garde-enfants.jpg\",\"width\":2000,\"height\":1150,\"caption\":\"Parents leaving their children with nanny at home\"},{\"@type\":\"BreadcrumbList\",\"@id\":\"http:\/\/novadeo.fr\/bulles-d-enfants\/profil-travailler-en-petite-enfance\/#breadcrumb\",\"itemListElement\":[{\"@type\":\"ListItem\",\"position\":1,\"name\":\"Accueil\",\"item\":\"http:\/\/novadeo.fr\/bulles-d-enfants\/\"},{\"@type\":\"ListItem\",\"position\":2,\"name\":\"Votre profil\"}]},{\"@type\":\"WebSite\",\"@id\":\"http:\/\/novadeo.fr\/bulles-d-enfants\/#website\",\"url\":\"http:\/\/novadeo.fr\/bulles-d-enfants\/\",\"name\":\"Bulles d'enfants\",\"description\":\"Bien grandir, ensemble\",\"publisher\":{\"@id\":\"http:\/\/novadeo.fr\/bulles-d-enfants\/#organization\"},\"potentialAction\":[{\"@type\":\"SearchAction\",\"target\":{\"@type\":\"EntryPoint\",\"urlTemplate\":\"http:\/\/novadeo.fr\/bulles-d-enfants\/?s={search_term_string}\"},\"query-input\":{\"@type\":\"PropertyValueSpecification\",\"valueRequired\":true,\"valueName\":\"search_term_string\"}}],\"inLanguage\":\"fr-FR\"},{\"@type\":\"Organization\",\"@id\":\"http:\/\/novadeo.fr\/bulles-d-enfants\/#organization\",\"name\":\"Bulles d'enfants\",\"url\":\"http:\/\/novadeo.fr\/bulles-d-enfants\/\",\"logo\":{\"@type\":\"ImageObject\",\"inLanguage\":\"fr-FR\",\"@id\":\"http:\/\/novadeo.fr\/bulles-d-enfants\/#\/schema\/logo\/image\/\",\"url\":\"http:\/\/novadeo.fr\/bulles-d-enfants\/wp-content\/uploads\/2024\/07\/logo-bulles-enfants.jpg\",\"contentUrl\":\"http:\/\/novadeo.fr\/bulles-d-enfants\/wp-content\/uploads\/2024\/07\/logo-bulles-enfants.jpg\",\"width\":400,\"height\":84,\"caption\":\"Bulles d'enfants\"},\"image\":{\"@id\":\"http:\/\/novadeo.fr\/bulles-d-enfants\/#\/schema\/logo\/image\/\"},\"sameAs\":[\"https:\/\/www.facebook.com\/profile.php?id=61563858201587\",\"https:\/\/www.linkedin.com\/company\/bulles-d-enfants\/\"]}]}<\/script>\n<!-- \/ Yoast SEO plugin. -->","yoast_head_json":{"title":"Profil Pour Travailler En Petite Enfance, Bulles d'Enfants","description":"Envie de travailler en petite enfance et cr\u00e9er votre entreprise ? Devenez franchis\u00e9 Bulles d'Enfants et profitez de notre expertise.","robots":{"index":"noindex","follow":"follow","max-snippet":"max-snippet:-1","max-image-preview":"max-image-preview:large","max-video-preview":"max-video-preview:-1"},"og_locale":"fr_FR","og_type":"article","og_title":"Profil Pour Travailler En Petite Enfance, Bulles d'Enfants","og_description":"Envie de travailler en petite enfance et cr\u00e9er votre entreprise ? Devenez franchis\u00e9 Bulles d'Enfants et profitez de notre expertise.","og_url":"http:\/\/novadeo.fr\/bulles-d-enfants\/profil-travailler-en-petite-enfance\/","og_site_name":"Bulles d&#039;enfants","article_publisher":"https:\/\/www.facebook.com\/profile.php?id=61563858201587","article_modified_time":"2024-09-16T11:03:03+00:00","og_image":[{"width":2000,"height":1150,"url":"http:\/\/novadeo.fr\/bulles-d-enfants\/wp-content\/uploads\/2024\/09\/reseau-franchise-garde-enfants.jpg","type":"image\/jpeg"}],"twitter_card":"summary_large_image","twitter_misc":{"Dur\u00e9e de lecture estim\u00e9e":"2 minutes"},"schema":{"@context":"https:\/\/schema.org","@graph":[{"@type":"WebPage","@id":"http:\/\/novadeo.fr\/bulles-d-enfants\/profil-travailler-en-petite-enfance\/","url":"http:\/\/novadeo.fr\/bulles-d-enfants\/profil-travailler-en-petite-enfance\/","name":"Profil Pour Travailler En Petite Enfance, Bulles d'Enfants","isPartOf":{"@id":"http:\/\/novadeo.fr\/bulles-d-enfants\/#website"},"primaryImageOfPage":{"@id":"http:\/\/novadeo.fr\/bulles-d-enfants\/profil-travailler-en-petite-enfance\/#primaryimage"},"image":{"@id":"http:\/\/novadeo.fr\/bulles-d-enfants\/profil-travailler-en-petite-enfance\/#primaryimage"},"thumbnailUrl":"http:\/\/novadeo.fr\/bulles-d-enfants\/wp-content\/uploads\/2024\/09\/reseau-franchise-garde-enfants.jpg","datePublished":"2020-02-05T08:59:45+00:00","dateModified":"2024-09-16T11:03:03+00:00","description":"Envie de travailler en petite enfance et cr\u00e9er votre entreprise ? Devenez franchis\u00e9 Bulles d'Enfants et profitez de notre expertise.","breadcrumb":{"@id":"http:\/\/novadeo.fr\/bulles-d-enfants\/profil-travailler-en-petite-enfance\/#breadcrumb"},"inLanguage":"fr-FR","potentialAction":[{"@type":"ReadAction","target":["http:\/\/novadeo.fr\/bulles-d-enfants\/profil-travailler-en-petite-enfance\/"]}]},{"@type":"ImageObject","inLanguage":"fr-FR","@id":"http:\/\/novadeo.fr\/bulles-d-enfants\/profil-travailler-en-petite-enfance\/#primaryimage","url":"http:\/\/novadeo.fr\/bulles-d-enfants\/wp-content\/uploads\/2024\/09\/reseau-franchise-garde-enfants.jpg","contentUrl":"http:\/\/novadeo.fr\/bulles-d-enfants\/wp-content\/uploads\/2024\/09\/reseau-franchise-garde-enfants.jpg","width":2000,"height":1150,"caption":"Parents leaving their children with nanny at home"},{"@type":"BreadcrumbList","@id":"http:\/\/novadeo.fr\/bulles-d-enfants\/profil-travailler-en-petite-enfance\/#breadcrumb","itemListElement":[{"@type":"ListItem","position":1,"name":"Accueil","item":"http:\/\/novadeo.fr\/bulles-d-enfants\/"},{"@type":"ListItem","position":2,"name":"Votre profil"}]},{"@type":"WebSite","@id":"http:\/\/novadeo.fr\/bulles-d-enfants\/#website","url":"http:\/\/novadeo.fr\/bulles-d-enfants\/","name":"Bulles d'enfants","description":"Bien grandir, ensemble","publisher":{"@id":"http:\/\/novadeo.fr\/bulles-d-enfants\/#organization"},"potentialAction":[{"@type":"SearchAction","target":{"@type":"EntryPoint","urlTemplate":"http:\/\/novadeo.fr\/bulles-d-enfants\/?s={search_term_string}"},"query-input":{"@type":"PropertyValueSpecification","valueRequired":true,"valueName":"search_term_string"}}],"inLanguage":"fr-FR"},{"@type":"Organization","@id":"http:\/\/novadeo.fr\/bulles-d-enfants\/#organization","name":"Bulles d'enfants","url":"http:\/\/novadeo.fr\/bulles-d-enfants\/","logo":{"@type":"ImageObject","inLanguage":"fr-FR","@id":"http:\/\/novadeo.fr\/bulles-d-enfants\/#\/schema\/logo\/image\/","url":"http:\/\/novadeo.fr\/bulles-d-enfants\/wp-content\/uploads\/2024\/07\/logo-bulles-enfants.jpg","contentUrl":"http:\/\/novadeo.fr\/bulles-d-enfants\/wp-content\/uploads\/2024\/07\/logo-bulles-enfants.jpg","width":400,"height":84,"caption":"Bulles d'enfants"},"image":{"@id":"http:\/\/novadeo.fr\/bulles-d-enfants\/#\/schema\/logo\/image\/"},"sameAs":["https:\/\/www.facebook.com\/profile.php?id=61563858201587","https:\/\/www.linkedin.com\/company\/bulles-d-enfants\/"]}]}},"_links":{"self":[{"href":"http:\/\/novadeo.fr\/bulles-d-enfants\/wp-json\/wp\/v2\/pages\/2477"}],"collection":[{"href":"http:\/\/novadeo.fr\/bulles-d-enfants\/wp-json\/wp\/v2\/pages"}],"about":[{"href":"http:\/\/novadeo.fr\/bulles-d-enfants\/wp-json\/wp\/v2\/types\/page"}],"author":[{"embeddable":true,"href":"http:\/\/novadeo.fr\/bulles-d-enfants\/wp-json\/wp\/v2\/users\/1"}],"replies":[{"embeddable":true,"href":"http:\/\/novadeo.fr\/bulles-d-enfants\/wp-json\/wp\/v2\/comments?post=2477"}],"version-history":[{"count":25,"href":"http:\/\/novadeo.fr\/bulles-d-enfants\/wp-json\/wp\/v2\/pages\/2477\/revisions"}],"predecessor-version":[{"id":2693,"href":"http:\/\/novadeo.fr\/bulles-d-enfants\/wp-json\/wp\/v2\/pages\/2477\/revisions\/2693"}],"wp:featuredmedia":[{"embeddable":true,"href":"http:\/\/novadeo.fr\/bulles-d-enfants\/wp-json\/wp\/v2\/media\/2627"}],"wp:attachment":[{"href":"http:\/\/novadeo.fr\/bulles-d-enfants\/wp-json\/wp\/v2\/media?parent=2477"}],"curies":[{"name":"wp","href":"https:\/\/api.w.org\/{rel}","templated":true}]}}