{"id":2463,"date":"2020-02-05T09:59:45","date_gmt":"2020-02-05T08:59:45","guid":{"rendered":"http:\/\/novadeo.fr\/bulles-d-enfants\/?page_id=2463"},"modified":"2024-09-16T12:55:58","modified_gmt":"2024-09-16T10:55:58","slug":"accompagnement-franchise-garde-d-enfants","status":"publish","type":"page","link":"http:\/\/novadeo.fr\/bulles-d-enfants\/accompagnement-franchise-garde-d-enfants\/","title":{"rendered":"Accompagnement"},"content":{"rendered":"\t\t<div data-elementor-type=\"wp-page\" data-elementor-id=\"2463\" class=\"elementor elementor-2463\">\n\t\t\t\t\t\t<div class=\"elementor-section elementor-top-section elementor-element elementor-element-4c4b666 elementor-section-full_width become-instructor-partner-area elementor-section-height-default elementor-section-height-default\" data-id=\"4c4b666\" data-element_type=\"section\">\n\t\t\t\t\t\t<div class=\"elementor-container elementor-column-gap-no\">\n\t\t\t\t\t<div class=\"elementor-column elementor-col-100 elementor-top-column elementor-element elementor-element-4ca6263\" data-id=\"4ca6263\" data-element_type=\"column\">\n\t\t\t<div class=\"elementor-widget-wrap\">\n\t\t\t\t\t\t\t<\/div>\n\t\t<\/div>\n\t\t\t\t\t<\/div>\n\t\t<\/div>\n\t\t\t\t<section class=\"elementor-section elementor-top-section elementor-element elementor-element-95730da story-area ptb-100 elementor-section-boxed elementor-section-height-default elementor-section-height-default\" data-id=\"95730da\" data-element_type=\"section\" data-settings=\"{&quot;background_background&quot;:&quot;classic&quot;}\">\n\t\t\t\t\t\t<div class=\"elementor-container elementor-column-gap-default\">\n\t\t\t\t\t<div class=\"elementor-column elementor-col-100 elementor-top-column elementor-element elementor-element-4da3528\" data-id=\"4da3528\" data-element_type=\"column\">\n\t\t\t<div class=\"elementor-widget-wrap elementor-element-populated\">\n\t\t\t\t\t\t<section class=\"elementor-section elementor-inner-section elementor-element elementor-element-08bf37a elementor-section-boxed elementor-section-height-default elementor-section-height-default\" data-id=\"08bf37a\" data-element_type=\"section\">\n\t\t\t\t\t\t<div class=\"elementor-container elementor-column-gap-default\">\n\t\t\t\t\t<div class=\"elementor-column elementor-col-50 elementor-inner-column elementor-element elementor-element-9fbfa1b\" data-id=\"9fbfa1b\" data-element_type=\"column\">\n\t\t\t<div class=\"elementor-widget-wrap elementor-element-populated\">\n\t\t\t\t\t\t<div class=\"elementor-element elementor-element-3acacc6 elementor-widget elementor-widget-image\" data-id=\"3acacc6\" data-element_type=\"widget\" data-widget_type=\"image.default\">\n\t\t\t\t<div class=\"elementor-widget-container\">\n\t\t\t\t\t\t\t\t\t\t\t\t\t<img fetchpriority=\"high\" decoding=\"async\" width=\"640\" height=\"518\" src=\"http:\/\/novadeo.fr\/bulles-d-enfants\/wp-content\/uploads\/2024\/09\/creer-agence-garde-enfants.png\" class=\"attachment-large size-large wp-image-2621\" alt=\"\" srcset=\"http:\/\/novadeo.fr\/bulles-d-enfants\/wp-content\/uploads\/2024\/09\/creer-agence-garde-enfants.png 773w, http:\/\/novadeo.fr\/bulles-d-enfants\/wp-content\/uploads\/2024\/09\/creer-agence-garde-enfants-300x243.png 300w, http:\/\/novadeo.fr\/bulles-d-enfants\/wp-content\/uploads\/2024\/09\/creer-agence-garde-enfants-768x622.png 768w, http:\/\/novadeo.fr\/bulles-d-enfants\/wp-content\/uploads\/2024\/09\/creer-agence-garde-enfants-500x404.png 500w, http:\/\/novadeo.fr\/bulles-d-enfants\/wp-content\/uploads\/2024\/09\/creer-agence-garde-enfants-600x485.png 600w\" sizes=\"(max-width: 640px) 100vw, 640px\" \/>\t\t\t\t\t\t\t\t\t\t\t\t\t<\/div>\n\t\t\t\t<\/div>\n\t\t\t\t\t<\/div>\n\t\t<\/div>\n\t\t\t\t<div class=\"elementor-column elementor-col-100 elementor-inner-column elementor-element elementor-element-656067e\" data-id=\"656067e\" data-element_type=\"column\">\n\t\t\t<div class=\"elementor-widget-wrap\">\n\t\t\t\t\t\t\t<\/div>\n\t\t<\/div>\n\t\t\t\t\t<\/div>\n\t\t<\/section>\n\t\t\t\t\t<\/div>\n\t\t<\/div>\n\t\t\t\t\t<\/div>\n\t\t<\/section>\n\t\t\t\t<section class=\"elementor-section elementor-top-section elementor-element elementor-element-406257e elementor-section-full_width elementor-section-height-default elementor-section-height-default\" data-id=\"406257e\" data-element_type=\"section\" data-settings=\"{&quot;background_background&quot;:&quot;classic&quot;}\">\n\t\t\t\t\t\t<div class=\"elementor-container elementor-column-gap-no\">\n\t\t\t\t\t<div class=\"elementor-column elementor-col-100 elementor-top-column elementor-element elementor-element-46cacc0\" data-id=\"46cacc0\" data-element_type=\"column\">\n\t\t\t<div class=\"elementor-widget-wrap\">\n\t\t\t\t\t\t\t<\/div>\n\t\t<\/div>\n\t\t\t\t\t<\/div>\n\t\t<\/section>\n\t\t\t\t<div class=\"elementor-section elementor-top-section elementor-element elementor-element-f150494 elementor-section-full_width become-instructor-partner-area elementor-section-height-default elementor-section-height-default\" data-id=\"f150494\" data-element_type=\"section\" data-settings=\"{&quot;background_background&quot;:&quot;classic&quot;}\">\n\t\t\t\t\t\t<div class=\"elementor-container elementor-column-gap-no\">\n\t\t\t\t\t<div class=\"elementor-column elementor-col-100 elementor-top-column elementor-element elementor-element-246f5a7\" data-id=\"246f5a7\" data-element_type=\"column\">\n\t\t\t<div class=\"elementor-widget-wrap elementor-element-populated\">\n\t\t\t\t\t\t<div class=\"elementor-element elementor-element-8fd2d97 elementor-align-center elementor-widget elementor-widget-button\" data-id=\"8fd2d97\" data-element_type=\"widget\" data-widget_type=\"button.default\">\n\t\t\t\t<div class=\"elementor-widget-container\">\n\t\t\t\t\t<div class=\"elementor-button-wrapper\">\n\t\t\t<a class=\"elementor-button elementor-button-link elementor-size-sm\" href=\"http:\/\/novadeo.fr\/bulles-d-enfants\/contact-ouvrir-franchise-enfants\/\">\n\t\t\t\t\t\t<span class=\"elementor-button-content-wrapper\">\n\t\t\t\t\t\t\t\t\t<span class=\"elementor-button-text\">D\u00e9poser votre candidature<\/span>\n\t\t\t\t\t<\/span>\n\t\t\t\t\t<\/a>\n\t\t<\/div>\n\t\t\t\t<\/div>\n\t\t\t\t<\/div>\n\t\t\t\t\t<\/div>\n\t\t<\/div>\n\t\t\t\t\t<\/div>\n\t\t<\/div>\n\t\t\t\t<\/div>\n\t\t","protected":false},"excerpt":{"rendered":"<p>Accompagnement initial L\u2019ouverture de chaque nouvelle agence est pr\u00e9c\u00e9d\u00e9e par une semaine d\u2019immersion terrain, pour anticiper les situations rencontr\u00e9es, avec les clients ou en back office. Ensemble, nous partageons les ressources strat\u00e9giques (contrats de travail, logiciels de devis et facturation, agr\u00e9ments, cadre l\u00e9gal, etc.). Nous posons les principes d\u2019une gestion client efficace en accompagnant nos <\/p>\n","protected":false},"author":1,"featured_media":2626,"parent":0,"menu_order":0,"comment_status":"closed","ping_status":"closed","template":"","meta":{"_acf_changed":false,"footnotes":""},"acf":[],"yoast_head":"<!-- This site is optimized with the Yoast SEO plugin v23.4 - https:\/\/yoast.com\/wordpress\/plugins\/seo\/ -->\n<title>Accompagnement Franchise Garde D&#039;enfants, Bulles d&#039;Enfants<\/title>\n<meta name=\"description\" content=\"Concr\u00e9tisez votre projet de franchise de garde d&#039;enfants \u00e0 domicile avec Bulles d&#039;enfants. Nous vous offrons un accompagnement personnalis\u00e9.\" \/>\n<meta name=\"robots\" content=\"noindex, follow, max-snippet:-1, max-image-preview:large, max-video-preview:-1\" \/>\n<meta property=\"og:locale\" content=\"fr_FR\" \/>\n<meta property=\"og:type\" content=\"article\" \/>\n<meta property=\"og:title\" content=\"Accompagnement Franchise Garde D&#039;enfants, Bulles d&#039;Enfants\" \/>\n<meta property=\"og:description\" content=\"Concr\u00e9tisez votre projet de franchise de garde d&#039;enfants \u00e0 domicile avec Bulles d&#039;enfants. Nous vous offrons un accompagnement personnalis\u00e9.\" \/>\n<meta property=\"og:url\" content=\"http:\/\/novadeo.fr\/bulles-d-enfants\/accompagnement-franchise-garde-d-enfants\/\" \/>\n<meta property=\"og:site_name\" content=\"Bulles d&#039;enfants\" \/>\n<meta property=\"article:publisher\" content=\"https:\/\/www.facebook.com\/profile.php?id=61563858201587\" \/>\n<meta property=\"article:modified_time\" content=\"2024-09-16T10:55:58+00:00\" \/>\n<meta property=\"og:image\" content=\"http:\/\/novadeo.fr\/bulles-d-enfants\/wp-content\/uploads\/2024\/09\/travailler-franchise-garde-enfants.jpg\" \/>\n\t<meta property=\"og:image:width\" content=\"2000\" \/>\n\t<meta property=\"og:image:height\" content=\"1048\" \/>\n\t<meta property=\"og:image:type\" content=\"image\/jpeg\" \/>\n<meta name=\"twitter:card\" content=\"summary_large_image\" \/>\n<meta name=\"twitter:label1\" content=\"Dur\u00e9e de lecture estim\u00e9e\" \/>\n\t<meta name=\"twitter:data1\" content=\"2 minutes\" \/>\n<script type=\"application\/ld+json\" class=\"yoast-schema-graph\">{\"@context\":\"https:\/\/schema.org\",\"@graph\":[{\"@type\":\"WebPage\",\"@id\":\"http:\/\/novadeo.fr\/bulles-d-enfants\/accompagnement-franchise-garde-d-enfants\/\",\"url\":\"http:\/\/novadeo.fr\/bulles-d-enfants\/accompagnement-franchise-garde-d-enfants\/\",\"name\":\"Accompagnement Franchise Garde D'enfants, Bulles d'Enfants\",\"isPartOf\":{\"@id\":\"http:\/\/novadeo.fr\/bulles-d-enfants\/#website\"},\"primaryImageOfPage\":{\"@id\":\"http:\/\/novadeo.fr\/bulles-d-enfants\/accompagnement-franchise-garde-d-enfants\/#primaryimage\"},\"image\":{\"@id\":\"http:\/\/novadeo.fr\/bulles-d-enfants\/accompagnement-franchise-garde-d-enfants\/#primaryimage\"},\"thumbnailUrl\":\"http:\/\/novadeo.fr\/bulles-d-enfants\/wp-content\/uploads\/2024\/09\/travailler-franchise-garde-enfants.jpg\",\"datePublished\":\"2020-02-05T08:59:45+00:00\",\"dateModified\":\"2024-09-16T10:55:58+00:00\",\"description\":\"Concr\u00e9tisez votre projet de franchise de garde d'enfants \u00e0 domicile avec Bulles d'enfants. Nous vous offrons un accompagnement personnalis\u00e9.\",\"breadcrumb\":{\"@id\":\"http:\/\/novadeo.fr\/bulles-d-enfants\/accompagnement-franchise-garde-d-enfants\/#breadcrumb\"},\"inLanguage\":\"fr-FR\",\"potentialAction\":[{\"@type\":\"ReadAction\",\"target\":[\"http:\/\/novadeo.fr\/bulles-d-enfants\/accompagnement-franchise-garde-d-enfants\/\"]}]},{\"@type\":\"ImageObject\",\"inLanguage\":\"fr-FR\",\"@id\":\"http:\/\/novadeo.fr\/bulles-d-enfants\/accompagnement-franchise-garde-d-enfants\/#primaryimage\",\"url\":\"http:\/\/novadeo.fr\/bulles-d-enfants\/wp-content\/uploads\/2024\/09\/travailler-franchise-garde-enfants.jpg\",\"contentUrl\":\"http:\/\/novadeo.fr\/bulles-d-enfants\/wp-content\/uploads\/2024\/09\/travailler-franchise-garde-enfants.jpg\",\"width\":2000,\"height\":1048,\"caption\":\"Babysitter is giving little boy to his mother while standing in living room.\"},{\"@type\":\"BreadcrumbList\",\"@id\":\"http:\/\/novadeo.fr\/bulles-d-enfants\/accompagnement-franchise-garde-d-enfants\/#breadcrumb\",\"itemListElement\":[{\"@type\":\"ListItem\",\"position\":1,\"name\":\"Accueil\",\"item\":\"http:\/\/novadeo.fr\/bulles-d-enfants\/\"},{\"@type\":\"ListItem\",\"position\":2,\"name\":\"Accompagnement\"}]},{\"@type\":\"WebSite\",\"@id\":\"http:\/\/novadeo.fr\/bulles-d-enfants\/#website\",\"url\":\"http:\/\/novadeo.fr\/bulles-d-enfants\/\",\"name\":\"Bulles d'enfants\",\"description\":\"Bien grandir, ensemble\",\"publisher\":{\"@id\":\"http:\/\/novadeo.fr\/bulles-d-enfants\/#organization\"},\"potentialAction\":[{\"@type\":\"SearchAction\",\"target\":{\"@type\":\"EntryPoint\",\"urlTemplate\":\"http:\/\/novadeo.fr\/bulles-d-enfants\/?s={search_term_string}\"},\"query-input\":{\"@type\":\"PropertyValueSpecification\",\"valueRequired\":true,\"valueName\":\"search_term_string\"}}],\"inLanguage\":\"fr-FR\"},{\"@type\":\"Organization\",\"@id\":\"http:\/\/novadeo.fr\/bulles-d-enfants\/#organization\",\"name\":\"Bulles d'enfants\",\"url\":\"http:\/\/novadeo.fr\/bulles-d-enfants\/\",\"logo\":{\"@type\":\"ImageObject\",\"inLanguage\":\"fr-FR\",\"@id\":\"http:\/\/novadeo.fr\/bulles-d-enfants\/#\/schema\/logo\/image\/\",\"url\":\"http:\/\/novadeo.fr\/bulles-d-enfants\/wp-content\/uploads\/2024\/07\/logo-bulles-enfants.jpg\",\"contentUrl\":\"http:\/\/novadeo.fr\/bulles-d-enfants\/wp-content\/uploads\/2024\/07\/logo-bulles-enfants.jpg\",\"width\":400,\"height\":84,\"caption\":\"Bulles d'enfants\"},\"image\":{\"@id\":\"http:\/\/novadeo.fr\/bulles-d-enfants\/#\/schema\/logo\/image\/\"},\"sameAs\":[\"https:\/\/www.facebook.com\/profile.php?id=61563858201587\",\"https:\/\/www.linkedin.com\/company\/bulles-d-enfants\/\"]}]}<\/script>\n<!-- \/ Yoast SEO plugin. -->","yoast_head_json":{"title":"Accompagnement Franchise Garde D'enfants, Bulles d'Enfants","description":"Concr\u00e9tisez votre projet de franchise de garde d'enfants \u00e0 domicile avec Bulles d'enfants. Nous vous offrons un accompagnement personnalis\u00e9.","robots":{"index":"noindex","follow":"follow","max-snippet":"max-snippet:-1","max-image-preview":"max-image-preview:large","max-video-preview":"max-video-preview:-1"},"og_locale":"fr_FR","og_type":"article","og_title":"Accompagnement Franchise Garde D'enfants, Bulles d'Enfants","og_description":"Concr\u00e9tisez votre projet de franchise de garde d'enfants \u00e0 domicile avec Bulles d'enfants. Nous vous offrons un accompagnement personnalis\u00e9.","og_url":"http:\/\/novadeo.fr\/bulles-d-enfants\/accompagnement-franchise-garde-d-enfants\/","og_site_name":"Bulles d&#039;enfants","article_publisher":"https:\/\/www.facebook.com\/profile.php?id=61563858201587","article_modified_time":"2024-09-16T10:55:58+00:00","og_image":[{"width":2000,"height":1048,"url":"http:\/\/novadeo.fr\/bulles-d-enfants\/wp-content\/uploads\/2024\/09\/travailler-franchise-garde-enfants.jpg","type":"image\/jpeg"}],"twitter_card":"summary_large_image","twitter_misc":{"Dur\u00e9e de lecture estim\u00e9e":"2 minutes"},"schema":{"@context":"https:\/\/schema.org","@graph":[{"@type":"WebPage","@id":"http:\/\/novadeo.fr\/bulles-d-enfants\/accompagnement-franchise-garde-d-enfants\/","url":"http:\/\/novadeo.fr\/bulles-d-enfants\/accompagnement-franchise-garde-d-enfants\/","name":"Accompagnement Franchise Garde D'enfants, Bulles d'Enfants","isPartOf":{"@id":"http:\/\/novadeo.fr\/bulles-d-enfants\/#website"},"primaryImageOfPage":{"@id":"http:\/\/novadeo.fr\/bulles-d-enfants\/accompagnement-franchise-garde-d-enfants\/#primaryimage"},"image":{"@id":"http:\/\/novadeo.fr\/bulles-d-enfants\/accompagnement-franchise-garde-d-enfants\/#primaryimage"},"thumbnailUrl":"http:\/\/novadeo.fr\/bulles-d-enfants\/wp-content\/uploads\/2024\/09\/travailler-franchise-garde-enfants.jpg","datePublished":"2020-02-05T08:59:45+00:00","dateModified":"2024-09-16T10:55:58+00:00","description":"Concr\u00e9tisez votre projet de franchise de garde d'enfants \u00e0 domicile avec Bulles d'enfants. Nous vous offrons un accompagnement personnalis\u00e9.","breadcrumb":{"@id":"http:\/\/novadeo.fr\/bulles-d-enfants\/accompagnement-franchise-garde-d-enfants\/#breadcrumb"},"inLanguage":"fr-FR","potentialAction":[{"@type":"ReadAction","target":["http:\/\/novadeo.fr\/bulles-d-enfants\/accompagnement-franchise-garde-d-enfants\/"]}]},{"@type":"ImageObject","inLanguage":"fr-FR","@id":"http:\/\/novadeo.fr\/bulles-d-enfants\/accompagnement-franchise-garde-d-enfants\/#primaryimage","url":"http:\/\/novadeo.fr\/bulles-d-enfants\/wp-content\/uploads\/2024\/09\/travailler-franchise-garde-enfants.jpg","contentUrl":"http:\/\/novadeo.fr\/bulles-d-enfants\/wp-content\/uploads\/2024\/09\/travailler-franchise-garde-enfants.jpg","width":2000,"height":1048,"caption":"Babysitter is giving little boy to his mother while standing in living room."},{"@type":"BreadcrumbList","@id":"http:\/\/novadeo.fr\/bulles-d-enfants\/accompagnement-franchise-garde-d-enfants\/#breadcrumb","itemListElement":[{"@type":"ListItem","position":1,"name":"Accueil","item":"http:\/\/novadeo.fr\/bulles-d-enfants\/"},{"@type":"ListItem","position":2,"name":"Accompagnement"}]},{"@type":"WebSite","@id":"http:\/\/novadeo.fr\/bulles-d-enfants\/#website","url":"http:\/\/novadeo.fr\/bulles-d-enfants\/","name":"Bulles d'enfants","description":"Bien grandir, ensemble","publisher":{"@id":"http:\/\/novadeo.fr\/bulles-d-enfants\/#organization"},"potentialAction":[{"@type":"SearchAction","target":{"@type":"EntryPoint","urlTemplate":"http:\/\/novadeo.fr\/bulles-d-enfants\/?s={search_term_string}"},"query-input":{"@type":"PropertyValueSpecification","valueRequired":true,"valueName":"search_term_string"}}],"inLanguage":"fr-FR"},{"@type":"Organization","@id":"http:\/\/novadeo.fr\/bulles-d-enfants\/#organization","name":"Bulles d'enfants","url":"http:\/\/novadeo.fr\/bulles-d-enfants\/","logo":{"@type":"ImageObject","inLanguage":"fr-FR","@id":"http:\/\/novadeo.fr\/bulles-d-enfants\/#\/schema\/logo\/image\/","url":"http:\/\/novadeo.fr\/bulles-d-enfants\/wp-content\/uploads\/2024\/07\/logo-bulles-enfants.jpg","contentUrl":"http:\/\/novadeo.fr\/bulles-d-enfants\/wp-content\/uploads\/2024\/07\/logo-bulles-enfants.jpg","width":400,"height":84,"caption":"Bulles d'enfants"},"image":{"@id":"http:\/\/novadeo.fr\/bulles-d-enfants\/#\/schema\/logo\/image\/"},"sameAs":["https:\/\/www.facebook.com\/profile.php?id=61563858201587","https:\/\/www.linkedin.com\/company\/bulles-d-enfants\/"]}]}},"_links":{"self":[{"href":"http:\/\/novadeo.fr\/bulles-d-enfants\/wp-json\/wp\/v2\/pages\/2463"}],"collection":[{"href":"http:\/\/novadeo.fr\/bulles-d-enfants\/wp-json\/wp\/v2\/pages"}],"about":[{"href":"http:\/\/novadeo.fr\/bulles-d-enfants\/wp-json\/wp\/v2\/types\/page"}],"author":[{"embeddable":true,"href":"http:\/\/novadeo.fr\/bulles-d-enfants\/wp-json\/wp\/v2\/users\/1"}],"replies":[{"embeddable":true,"href":"http:\/\/novadeo.fr\/bulles-d-enfants\/wp-json\/wp\/v2\/comments?post=2463"}],"version-history":[{"count":22,"href":"http:\/\/novadeo.fr\/bulles-d-enfants\/wp-json\/wp\/v2\/pages\/2463\/revisions"}],"predecessor-version":[{"id":2690,"href":"http:\/\/novadeo.fr\/bulles-d-enfants\/wp-json\/wp\/v2\/pages\/2463\/revisions\/2690"}],"wp:featuredmedia":[{"embeddable":true,"href":"http:\/\/novadeo.fr\/bulles-d-enfants\/wp-json\/wp\/v2\/media\/2626"}],"wp:attachment":[{"href":"http:\/\/novadeo.fr\/bulles-d-enfants\/wp-json\/wp\/v2\/media?parent=2463"}],"curies":[{"name":"wp","href":"https:\/\/api.w.org\/{rel}","templated":true}]}}