{"id":2452,"date":"2020-02-05T09:59:45","date_gmt":"2020-02-05T08:59:45","guid":{"rendered":"http:\/\/novadeo.fr\/bulles-d-enfants\/?page_id=2452"},"modified":"2024-09-16T13:00:59","modified_gmt":"2024-09-16T11:00:59","slug":"concept-franchise-petite-enfance","status":"publish","type":"page","link":"http:\/\/novadeo.fr\/bulles-d-enfants\/concept-franchise-petite-enfance\/","title":{"rendered":"Concept"},"content":{"rendered":"\t\t<div data-elementor-type=\"wp-page\" data-elementor-id=\"2452\" class=\"elementor elementor-2452\">\n\t\t\t\t\t\t<div class=\"elementor-section elementor-top-section elementor-element elementor-element-8c95230 elementor-section-full_width become-instructor-partner-area elementor-section-height-default elementor-section-height-default\" data-id=\"8c95230\" data-element_type=\"section\">\n\t\t\t\t\t\t<div class=\"elementor-container elementor-column-gap-no\">\n\t\t\t\t\t<div class=\"elementor-column elementor-col-100 elementor-top-column elementor-element elementor-element-738004a\" data-id=\"738004a\" data-element_type=\"column\">\n\t\t\t<div class=\"elementor-widget-wrap\">\n\t\t\t\t\t\t\t<\/div>\n\t\t<\/div>\n\t\t\t\t\t<\/div>\n\t\t<\/div>\n\t\t\t\t<section class=\"elementor-section elementor-top-section elementor-element elementor-element-95730da story-area ptb-100 elementor-section-boxed elementor-section-height-default elementor-section-height-default\" data-id=\"95730da\" data-element_type=\"section\" data-settings=\"{&quot;background_background&quot;:&quot;classic&quot;}\">\n\t\t\t\t\t\t<div class=\"elementor-container elementor-column-gap-default\">\n\t\t\t\t\t<div class=\"elementor-column elementor-col-50 elementor-top-column elementor-element elementor-element-656067e\" data-id=\"656067e\" data-element_type=\"column\">\n\t\t\t<div class=\"elementor-widget-wrap elementor-element-populated\">\n\t\t\t\t\t\t<div class=\"elementor-element elementor-element-3acacc6 elementor-widget elementor-widget-image\" data-id=\"3acacc6\" data-element_type=\"widget\" data-widget_type=\"image.default\">\n\t\t\t\t<div class=\"elementor-widget-container\">\n\t\t\t\t\t\t\t\t\t\t\t\t\t<img fetchpriority=\"high\" decoding=\"async\" width=\"640\" height=\"518\" src=\"http:\/\/novadeo.fr\/bulles-d-enfants\/wp-content\/uploads\/2024\/09\/developper-franchise-garde-enfants.png\" class=\"attachment-large size-large wp-image-2614\" alt=\"\" srcset=\"http:\/\/novadeo.fr\/bulles-d-enfants\/wp-content\/uploads\/2024\/09\/developper-franchise-garde-enfants.png 773w, http:\/\/novadeo.fr\/bulles-d-enfants\/wp-content\/uploads\/2024\/09\/developper-franchise-garde-enfants-300x243.png 300w, http:\/\/novadeo.fr\/bulles-d-enfants\/wp-content\/uploads\/2024\/09\/developper-franchise-garde-enfants-768x622.png 768w, http:\/\/novadeo.fr\/bulles-d-enfants\/wp-content\/uploads\/2024\/09\/developper-franchise-garde-enfants-500x404.png 500w, http:\/\/novadeo.fr\/bulles-d-enfants\/wp-content\/uploads\/2024\/09\/developper-franchise-garde-enfants-600x485.png 600w\" sizes=\"(max-width: 640px) 100vw, 640px\" \/>\t\t\t\t\t\t\t\t\t\t\t\t\t<\/div>\n\t\t\t\t<\/div>\n\t\t\t\t\t<\/div>\n\t\t<\/div>\n\t\t\t\t<div class=\"elementor-column elementor-col-50 elementor-top-column elementor-element elementor-element-4da3528\" data-id=\"4da3528\" data-element_type=\"column\">\n\t\t\t<div class=\"elementor-widget-wrap elementor-element-populated\">\n\t\t\t\t\t\t<section class=\"elementor-section elementor-inner-section elementor-element elementor-element-08bf37a elementor-section-boxed elementor-section-height-default elementor-section-height-default\" data-id=\"08bf37a\" data-element_type=\"section\">\n\t\t\t\t\t\t<div class=\"elementor-container elementor-column-gap-default\">\n\t\t\t\t\t<div class=\"elementor-column elementor-col-100 elementor-inner-column elementor-element elementor-element-9fbfa1b\" data-id=\"9fbfa1b\" data-element_type=\"column\">\n\t\t\t<div class=\"elementor-widget-wrap\">\n\t\t\t\t\t\t\t<\/div>\n\t\t<\/div>\n\t\t\t\t\t<\/div>\n\t\t<\/section>\n\t\t\t\t\t<\/div>\n\t\t<\/div>\n\t\t\t\t\t<\/div>\n\t\t<\/section>\n\t\t\t\t<div class=\"elementor-section elementor-top-section elementor-element elementor-element-f150494 elementor-section-full_width become-instructor-partner-area elementor-section-height-default elementor-section-height-default\" data-id=\"f150494\" data-element_type=\"section\" data-settings=\"{&quot;background_background&quot;:&quot;classic&quot;}\">\n\t\t\t\t\t\t<div class=\"elementor-container elementor-column-gap-no\">\n\t\t\t\t\t<div class=\"elementor-column elementor-col-100 elementor-top-column elementor-element elementor-element-246f5a7\" data-id=\"246f5a7\" data-element_type=\"column\">\n\t\t\t<div class=\"elementor-widget-wrap elementor-element-populated\">\n\t\t\t\t\t\t<div class=\"elementor-element elementor-element-ebca7a9 elementor-widget elementor-widget-text-editor\" data-id=\"ebca7a9\" data-element_type=\"widget\" data-widget_type=\"text-editor.default\">\n\t\t\t\t<div class=\"elementor-widget-container\">\n\t\t\t\t\t\t\t\u00ab\u00a0Ne jamais oublier que ce sont bien les enfants qui choisissent leur nounou !\u00a0\u00bb\t\t\t\t\t\t<\/div>\n\t\t\t\t<\/div>\n\t\t\t\t<div class=\"elementor-element elementor-element-dfc552d elementor-widget elementor-widget-text-editor\" data-id=\"dfc552d\" data-element_type=\"widget\" data-widget_type=\"text-editor.default\">\n\t\t\t\t<div class=\"elementor-widget-container\">\n\t\t\t\t\t\t\tAd\u00e9la\u00efde, nounou avec Bulles d\u2019Enfants depuis 2020.\t\t\t\t\t\t<\/div>\n\t\t\t\t<\/div>\n\t\t\t\t\t<\/div>\n\t\t<\/div>\n\t\t\t\t\t<\/div>\n\t\t<\/div>\n\t\t\t\t<section class=\"elementor-section elementor-top-section elementor-element elementor-element-8306313 elementor-section-full_width elementor-section-height-default elementor-section-height-default\" data-id=\"8306313\" data-element_type=\"section\">\n\t\t\t\t\t\t<div class=\"elementor-container elementor-column-gap-no\">\n\t\t\t\t\t<div class=\"elementor-column elementor-col-100 elementor-top-column elementor-element elementor-element-e732440\" data-id=\"e732440\" data-element_type=\"column\">\n\t\t\t<div class=\"elementor-widget-wrap\">\n\t\t\t\t\t\t\t<\/div>\n\t\t<\/div>\n\t\t\t\t\t<\/div>\n\t\t<\/section>\n\t\t\t\t<div class=\"elementor-section elementor-top-section elementor-element elementor-element-3fecfb1 elementor-section-full_width become-instructor-partner-area elementor-section-height-default elementor-section-height-default\" data-id=\"3fecfb1\" data-element_type=\"section\" data-settings=\"{&quot;background_background&quot;:&quot;classic&quot;}\">\n\t\t\t\t\t\t<div class=\"elementor-container elementor-column-gap-no\">\n\t\t\t\t\t<div class=\"elementor-column elementor-col-100 elementor-top-column elementor-element elementor-element-2da338f\" data-id=\"2da338f\" data-element_type=\"column\">\n\t\t\t<div class=\"elementor-widget-wrap elementor-element-populated\">\n\t\t\t\t\t\t<div class=\"elementor-element elementor-element-0709b9c elementor-widget elementor-widget-text-editor\" data-id=\"0709b9c\" data-element_type=\"widget\" data-widget_type=\"text-editor.default\">\n\t\t\t\t<div class=\"elementor-widget-container\">\n\t\t\t\t\t\t\t\u00ab\u00a0C\u2019est rassurant et agr\u00e9able de se sentir \u00e9cout\u00e9, et d\u2019avoir une vraie qualit\u00e9 de service\u00a0\u00bb\t\t\t\t\t\t<\/div>\n\t\t\t\t<\/div>\n\t\t\t\t<div class=\"elementor-element elementor-element-59966d4 elementor-widget elementor-widget-text-editor\" data-id=\"59966d4\" data-element_type=\"widget\" data-widget_type=\"text-editor.default\">\n\t\t\t\t<div class=\"elementor-widget-container\">\n\t\t\t\t\t\t\tS\u00e9verine, cliente Bulles d\u2019Enfants depuis 10 ans.\t\t\t\t\t\t<\/div>\n\t\t\t\t<\/div>\n\t\t\t\t\t<\/div>\n\t\t<\/div>\n\t\t\t\t\t<\/div>\n\t\t<\/div>\n\t\t\t\t<\/div>\n\t\t","protected":false},"excerpt":{"rendered":"<p>Un m\u00e9tier passion Nous avons d\u00e9velopp\u00e9 un concept qui fonctionne, qui est rentable rapidement. Mais ce m\u00e9tier n\u2019est pas anodin : il s\u2019agit de travailler avec des enfants, de les aider \u00e0 grandir, de comprendre les inqui\u00e9tudes et les envies des parents, et d\u2019y r\u00e9pondre ! Ouvrir une agence franchis\u00e9e Bulles d\u2019enfants uniquement pour des <\/p>\n","protected":false},"author":1,"featured_media":2611,"parent":0,"menu_order":0,"comment_status":"closed","ping_status":"closed","template":"","meta":{"_acf_changed":false,"footnotes":""},"acf":[],"yoast_head":"<!-- This site is optimized with the Yoast SEO plugin v23.4 - https:\/\/yoast.com\/wordpress\/plugins\/seo\/ -->\n<title>Concept Franchise Petite Enfance, Bulles d&#039;Enfants<\/title>\n<meta name=\"description\" content=\"Envie de concilier passion et professionnalisme ? Avec Bulles d&#039;Enfants, b\u00e9n\u00e9ficiez d&#039;un concept de franchise dans la petite enfance \u00e9prouv\u00e9.\" \/>\n<meta name=\"robots\" content=\"noindex, follow, max-snippet:-1, max-image-preview:large, max-video-preview:-1\" \/>\n<meta property=\"og:locale\" content=\"fr_FR\" \/>\n<meta property=\"og:type\" content=\"article\" \/>\n<meta property=\"og:title\" content=\"Concept Franchise Petite Enfance, Bulles d&#039;Enfants\" \/>\n<meta property=\"og:description\" content=\"Envie de concilier passion et professionnalisme ? Avec Bulles d&#039;Enfants, b\u00e9n\u00e9ficiez d&#039;un concept de franchise dans la petite enfance \u00e9prouv\u00e9.\" \/>\n<meta property=\"og:url\" content=\"http:\/\/novadeo.fr\/bulles-d-enfants\/concept-franchise-petite-enfance\/\" \/>\n<meta property=\"og:site_name\" content=\"Bulles d&#039;enfants\" \/>\n<meta property=\"article:publisher\" content=\"https:\/\/www.facebook.com\/profile.php?id=61563858201587\" \/>\n<meta property=\"article:modified_time\" content=\"2024-09-16T11:00:59+00:00\" \/>\n<meta property=\"og:image\" content=\"http:\/\/novadeo.fr\/bulles-d-enfants\/wp-content\/uploads\/2024\/09\/creer-franchise-garderie-enfants.jpg\" \/>\n\t<meta property=\"og:image:width\" content=\"2000\" \/>\n\t<meta property=\"og:image:height\" content=\"1071\" \/>\n\t<meta property=\"og:image:type\" content=\"image\/jpeg\" \/>\n<meta name=\"twitter:card\" content=\"summary_large_image\" \/>\n<meta name=\"twitter:label1\" content=\"Dur\u00e9e de lecture estim\u00e9e\" \/>\n\t<meta name=\"twitter:data1\" content=\"3 minutes\" \/>\n<script type=\"application\/ld+json\" class=\"yoast-schema-graph\">{\"@context\":\"https:\/\/schema.org\",\"@graph\":[{\"@type\":\"WebPage\",\"@id\":\"http:\/\/novadeo.fr\/bulles-d-enfants\/concept-franchise-petite-enfance\/\",\"url\":\"http:\/\/novadeo.fr\/bulles-d-enfants\/concept-franchise-petite-enfance\/\",\"name\":\"Concept Franchise Petite Enfance, Bulles d'Enfants\",\"isPartOf\":{\"@id\":\"http:\/\/novadeo.fr\/bulles-d-enfants\/#website\"},\"primaryImageOfPage\":{\"@id\":\"http:\/\/novadeo.fr\/bulles-d-enfants\/concept-franchise-petite-enfance\/#primaryimage\"},\"image\":{\"@id\":\"http:\/\/novadeo.fr\/bulles-d-enfants\/concept-franchise-petite-enfance\/#primaryimage\"},\"thumbnailUrl\":\"http:\/\/novadeo.fr\/bulles-d-enfants\/wp-content\/uploads\/2024\/09\/creer-franchise-garderie-enfants.jpg\",\"datePublished\":\"2020-02-05T08:59:45+00:00\",\"dateModified\":\"2024-09-16T11:00:59+00:00\",\"description\":\"Envie de concilier passion et professionnalisme ? Avec Bulles d'Enfants, b\u00e9n\u00e9ficiez d'un concept de franchise dans la petite enfance \u00e9prouv\u00e9.\",\"breadcrumb\":{\"@id\":\"http:\/\/novadeo.fr\/bulles-d-enfants\/concept-franchise-petite-enfance\/#breadcrumb\"},\"inLanguage\":\"fr-FR\",\"potentialAction\":[{\"@type\":\"ReadAction\",\"target\":[\"http:\/\/novadeo.fr\/bulles-d-enfants\/concept-franchise-petite-enfance\/\"]}]},{\"@type\":\"ImageObject\",\"inLanguage\":\"fr-FR\",\"@id\":\"http:\/\/novadeo.fr\/bulles-d-enfants\/concept-franchise-petite-enfance\/#primaryimage\",\"url\":\"http:\/\/novadeo.fr\/bulles-d-enfants\/wp-content\/uploads\/2024\/09\/creer-franchise-garderie-enfants.jpg\",\"contentUrl\":\"http:\/\/novadeo.fr\/bulles-d-enfants\/wp-content\/uploads\/2024\/09\/creer-franchise-garderie-enfants.jpg\",\"width\":2000,\"height\":1071,\"caption\":\"Couple and children playing with toys\"},{\"@type\":\"BreadcrumbList\",\"@id\":\"http:\/\/novadeo.fr\/bulles-d-enfants\/concept-franchise-petite-enfance\/#breadcrumb\",\"itemListElement\":[{\"@type\":\"ListItem\",\"position\":1,\"name\":\"Accueil\",\"item\":\"http:\/\/novadeo.fr\/bulles-d-enfants\/\"},{\"@type\":\"ListItem\",\"position\":2,\"name\":\"Concept\"}]},{\"@type\":\"WebSite\",\"@id\":\"http:\/\/novadeo.fr\/bulles-d-enfants\/#website\",\"url\":\"http:\/\/novadeo.fr\/bulles-d-enfants\/\",\"name\":\"Bulles d'enfants\",\"description\":\"Bien grandir, ensemble\",\"publisher\":{\"@id\":\"http:\/\/novadeo.fr\/bulles-d-enfants\/#organization\"},\"potentialAction\":[{\"@type\":\"SearchAction\",\"target\":{\"@type\":\"EntryPoint\",\"urlTemplate\":\"http:\/\/novadeo.fr\/bulles-d-enfants\/?s={search_term_string}\"},\"query-input\":{\"@type\":\"PropertyValueSpecification\",\"valueRequired\":true,\"valueName\":\"search_term_string\"}}],\"inLanguage\":\"fr-FR\"},{\"@type\":\"Organization\",\"@id\":\"http:\/\/novadeo.fr\/bulles-d-enfants\/#organization\",\"name\":\"Bulles d'enfants\",\"url\":\"http:\/\/novadeo.fr\/bulles-d-enfants\/\",\"logo\":{\"@type\":\"ImageObject\",\"inLanguage\":\"fr-FR\",\"@id\":\"http:\/\/novadeo.fr\/bulles-d-enfants\/#\/schema\/logo\/image\/\",\"url\":\"http:\/\/novadeo.fr\/bulles-d-enfants\/wp-content\/uploads\/2024\/07\/logo-bulles-enfants.jpg\",\"contentUrl\":\"http:\/\/novadeo.fr\/bulles-d-enfants\/wp-content\/uploads\/2024\/07\/logo-bulles-enfants.jpg\",\"width\":400,\"height\":84,\"caption\":\"Bulles d'enfants\"},\"image\":{\"@id\":\"http:\/\/novadeo.fr\/bulles-d-enfants\/#\/schema\/logo\/image\/\"},\"sameAs\":[\"https:\/\/www.facebook.com\/profile.php?id=61563858201587\",\"https:\/\/www.linkedin.com\/company\/bulles-d-enfants\/\"]}]}<\/script>\n<!-- \/ Yoast SEO plugin. -->","yoast_head_json":{"title":"Concept Franchise Petite Enfance, Bulles d'Enfants","description":"Envie de concilier passion et professionnalisme ? Avec Bulles d'Enfants, b\u00e9n\u00e9ficiez d'un concept de franchise dans la petite enfance \u00e9prouv\u00e9.","robots":{"index":"noindex","follow":"follow","max-snippet":"max-snippet:-1","max-image-preview":"max-image-preview:large","max-video-preview":"max-video-preview:-1"},"og_locale":"fr_FR","og_type":"article","og_title":"Concept Franchise Petite Enfance, Bulles d'Enfants","og_description":"Envie de concilier passion et professionnalisme ? Avec Bulles d'Enfants, b\u00e9n\u00e9ficiez d'un concept de franchise dans la petite enfance \u00e9prouv\u00e9.","og_url":"http:\/\/novadeo.fr\/bulles-d-enfants\/concept-franchise-petite-enfance\/","og_site_name":"Bulles d&#039;enfants","article_publisher":"https:\/\/www.facebook.com\/profile.php?id=61563858201587","article_modified_time":"2024-09-16T11:00:59+00:00","og_image":[{"width":2000,"height":1071,"url":"http:\/\/novadeo.fr\/bulles-d-enfants\/wp-content\/uploads\/2024\/09\/creer-franchise-garderie-enfants.jpg","type":"image\/jpeg"}],"twitter_card":"summary_large_image","twitter_misc":{"Dur\u00e9e de lecture estim\u00e9e":"3 minutes"},"schema":{"@context":"https:\/\/schema.org","@graph":[{"@type":"WebPage","@id":"http:\/\/novadeo.fr\/bulles-d-enfants\/concept-franchise-petite-enfance\/","url":"http:\/\/novadeo.fr\/bulles-d-enfants\/concept-franchise-petite-enfance\/","name":"Concept Franchise Petite Enfance, Bulles d'Enfants","isPartOf":{"@id":"http:\/\/novadeo.fr\/bulles-d-enfants\/#website"},"primaryImageOfPage":{"@id":"http:\/\/novadeo.fr\/bulles-d-enfants\/concept-franchise-petite-enfance\/#primaryimage"},"image":{"@id":"http:\/\/novadeo.fr\/bulles-d-enfants\/concept-franchise-petite-enfance\/#primaryimage"},"thumbnailUrl":"http:\/\/novadeo.fr\/bulles-d-enfants\/wp-content\/uploads\/2024\/09\/creer-franchise-garderie-enfants.jpg","datePublished":"2020-02-05T08:59:45+00:00","dateModified":"2024-09-16T11:00:59+00:00","description":"Envie de concilier passion et professionnalisme ? Avec Bulles d'Enfants, b\u00e9n\u00e9ficiez d'un concept de franchise dans la petite enfance \u00e9prouv\u00e9.","breadcrumb":{"@id":"http:\/\/novadeo.fr\/bulles-d-enfants\/concept-franchise-petite-enfance\/#breadcrumb"},"inLanguage":"fr-FR","potentialAction":[{"@type":"ReadAction","target":["http:\/\/novadeo.fr\/bulles-d-enfants\/concept-franchise-petite-enfance\/"]}]},{"@type":"ImageObject","inLanguage":"fr-FR","@id":"http:\/\/novadeo.fr\/bulles-d-enfants\/concept-franchise-petite-enfance\/#primaryimage","url":"http:\/\/novadeo.fr\/bulles-d-enfants\/wp-content\/uploads\/2024\/09\/creer-franchise-garderie-enfants.jpg","contentUrl":"http:\/\/novadeo.fr\/bulles-d-enfants\/wp-content\/uploads\/2024\/09\/creer-franchise-garderie-enfants.jpg","width":2000,"height":1071,"caption":"Couple and children playing with toys"},{"@type":"BreadcrumbList","@id":"http:\/\/novadeo.fr\/bulles-d-enfants\/concept-franchise-petite-enfance\/#breadcrumb","itemListElement":[{"@type":"ListItem","position":1,"name":"Accueil","item":"http:\/\/novadeo.fr\/bulles-d-enfants\/"},{"@type":"ListItem","position":2,"name":"Concept"}]},{"@type":"WebSite","@id":"http:\/\/novadeo.fr\/bulles-d-enfants\/#website","url":"http:\/\/novadeo.fr\/bulles-d-enfants\/","name":"Bulles d'enfants","description":"Bien grandir, ensemble","publisher":{"@id":"http:\/\/novadeo.fr\/bulles-d-enfants\/#organization"},"potentialAction":[{"@type":"SearchAction","target":{"@type":"EntryPoint","urlTemplate":"http:\/\/novadeo.fr\/bulles-d-enfants\/?s={search_term_string}"},"query-input":{"@type":"PropertyValueSpecification","valueRequired":true,"valueName":"search_term_string"}}],"inLanguage":"fr-FR"},{"@type":"Organization","@id":"http:\/\/novadeo.fr\/bulles-d-enfants\/#organization","name":"Bulles d'enfants","url":"http:\/\/novadeo.fr\/bulles-d-enfants\/","logo":{"@type":"ImageObject","inLanguage":"fr-FR","@id":"http:\/\/novadeo.fr\/bulles-d-enfants\/#\/schema\/logo\/image\/","url":"http:\/\/novadeo.fr\/bulles-d-enfants\/wp-content\/uploads\/2024\/07\/logo-bulles-enfants.jpg","contentUrl":"http:\/\/novadeo.fr\/bulles-d-enfants\/wp-content\/uploads\/2024\/07\/logo-bulles-enfants.jpg","width":400,"height":84,"caption":"Bulles d'enfants"},"image":{"@id":"http:\/\/novadeo.fr\/bulles-d-enfants\/#\/schema\/logo\/image\/"},"sameAs":["https:\/\/www.facebook.com\/profile.php?id=61563858201587","https:\/\/www.linkedin.com\/company\/bulles-d-enfants\/"]}]}},"_links":{"self":[{"href":"http:\/\/novadeo.fr\/bulles-d-enfants\/wp-json\/wp\/v2\/pages\/2452"}],"collection":[{"href":"http:\/\/novadeo.fr\/bulles-d-enfants\/wp-json\/wp\/v2\/pages"}],"about":[{"href":"http:\/\/novadeo.fr\/bulles-d-enfants\/wp-json\/wp\/v2\/types\/page"}],"author":[{"embeddable":true,"href":"http:\/\/novadeo.fr\/bulles-d-enfants\/wp-json\/wp\/v2\/users\/1"}],"replies":[{"embeddable":true,"href":"http:\/\/novadeo.fr\/bulles-d-enfants\/wp-json\/wp\/v2\/comments?post=2452"}],"version-history":[{"count":23,"href":"http:\/\/novadeo.fr\/bulles-d-enfants\/wp-json\/wp\/v2\/pages\/2452\/revisions"}],"predecessor-version":[{"id":2687,"href":"http:\/\/novadeo.fr\/bulles-d-enfants\/wp-json\/wp\/v2\/pages\/2452\/revisions\/2687"}],"wp:featuredmedia":[{"embeddable":true,"href":"http:\/\/novadeo.fr\/bulles-d-enfants\/wp-json\/wp\/v2\/media\/2611"}],"wp:attachment":[{"href":"http:\/\/novadeo.fr\/bulles-d-enfants\/wp-json\/wp\/v2\/media?parent=2452"}],"curies":[{"name":"wp","href":"https:\/\/api.w.org\/{rel}","templated":true}]}}