{"id":2421,"date":"2020-02-05T09:59:45","date_gmt":"2020-02-05T08:59:45","guid":{"rendered":"http:\/\/novadeo.fr\/bulles-d-enfants\/?page_id=2421"},"modified":"2024-09-16T12:55:24","modified_gmt":"2024-09-16T10:55:24","slug":"franchise-enfants","status":"publish","type":"page","link":"http:\/\/novadeo.fr\/bulles-d-enfants\/franchise-enfants\/","title":{"rendered":"A propos"},"content":{"rendered":"\t\t<div data-elementor-type=\"wp-page\" data-elementor-id=\"2421\" class=\"elementor elementor-2421\">\n\t\t\t\t\t\t<div class=\"elementor-section elementor-top-section elementor-element elementor-element-efdbb2b elementor-section-full_width become-instructor-partner-area elementor-section-height-default elementor-section-height-default\" data-id=\"efdbb2b\" data-element_type=\"section\">\n\t\t\t\t\t\t<div class=\"elementor-container elementor-column-gap-no\">\n\t\t\t\t\t<div class=\"elementor-column elementor-col-100 elementor-top-column elementor-element elementor-element-63e9cea\" data-id=\"63e9cea\" data-element_type=\"column\">\n\t\t\t<div class=\"elementor-widget-wrap\">\n\t\t\t\t\t\t\t<\/div>\n\t\t<\/div>\n\t\t\t\t\t<\/div>\n\t\t<\/div>\n\t\t\t\t<section class=\"elementor-section elementor-top-section elementor-element elementor-element-95730da story-area ptb-100 elementor-section-boxed elementor-section-height-default elementor-section-height-default\" data-id=\"95730da\" data-element_type=\"section\" data-settings=\"{&quot;background_background&quot;:&quot;classic&quot;}\">\n\t\t\t\t\t\t<div class=\"elementor-container elementor-column-gap-default\">\n\t\t\t\t\t<div class=\"elementor-column elementor-col-100 elementor-top-column elementor-element elementor-element-4da3528\" data-id=\"4da3528\" data-element_type=\"column\">\n\t\t\t<div class=\"elementor-widget-wrap elementor-element-populated\">\n\t\t\t\t\t\t<section class=\"elementor-section elementor-inner-section elementor-element elementor-element-08bf37a elementor-section-boxed elementor-section-height-default elementor-section-height-default\" data-id=\"08bf37a\" data-element_type=\"section\">\n\t\t\t\t\t\t<div class=\"elementor-container elementor-column-gap-default\">\n\t\t\t\t\t<div class=\"elementor-column elementor-col-100 elementor-inner-column elementor-element elementor-element-656067e\" data-id=\"656067e\" data-element_type=\"column\">\n\t\t\t<div class=\"elementor-widget-wrap elementor-element-populated\">\n\t\t\t\t\t\t<div class=\"elementor-element elementor-element-3acacc6 elementor-widget elementor-widget-image\" data-id=\"3acacc6\" data-element_type=\"widget\" data-widget_type=\"image.default\">\n\t\t\t\t<div class=\"elementor-widget-container\">\n\t\t\t\t\t\t\t\t\t\t\t\t\t<img fetchpriority=\"high\" decoding=\"async\" width=\"640\" height=\"518\" src=\"http:\/\/novadeo.fr\/bulles-d-enfants\/wp-content\/uploads\/2024\/09\/ouvrir-agence-garde-enfants.png\" class=\"attachment-large size-large wp-image-2606\" alt=\"\" srcset=\"http:\/\/novadeo.fr\/bulles-d-enfants\/wp-content\/uploads\/2024\/09\/ouvrir-agence-garde-enfants.png 773w, http:\/\/novadeo.fr\/bulles-d-enfants\/wp-content\/uploads\/2024\/09\/ouvrir-agence-garde-enfants-300x243.png 300w, http:\/\/novadeo.fr\/bulles-d-enfants\/wp-content\/uploads\/2024\/09\/ouvrir-agence-garde-enfants-768x622.png 768w, http:\/\/novadeo.fr\/bulles-d-enfants\/wp-content\/uploads\/2024\/09\/ouvrir-agence-garde-enfants-500x404.png 500w, http:\/\/novadeo.fr\/bulles-d-enfants\/wp-content\/uploads\/2024\/09\/ouvrir-agence-garde-enfants-600x485.png 600w\" sizes=\"(max-width: 640px) 100vw, 640px\" \/>\t\t\t\t\t\t\t\t\t\t\t\t\t<\/div>\n\t\t\t\t<\/div>\n\t\t\t\t\t<\/div>\n\t\t<\/div>\n\t\t\t\t<div class=\"elementor-column elementor-col-50 elementor-inner-column elementor-element elementor-element-9fbfa1b\" data-id=\"9fbfa1b\" data-element_type=\"column\">\n\t\t\t<div class=\"elementor-widget-wrap\">\n\t\t\t\t\t\t\t<\/div>\n\t\t<\/div>\n\t\t\t\t\t<\/div>\n\t\t<\/section>\n\t\t\t\t\t<\/div>\n\t\t<\/div>\n\t\t\t\t\t<\/div>\n\t\t<\/section>\n\t\t\t\t<div class=\"elementor-section elementor-top-section elementor-element elementor-element-f150494 elementor-section-full_width become-instructor-partner-area elementor-section-height-default elementor-section-height-default\" data-id=\"f150494\" data-element_type=\"section\" data-settings=\"{&quot;background_background&quot;:&quot;classic&quot;}\">\n\t\t\t\t\t\t<div class=\"elementor-container elementor-column-gap-no\">\n\t\t\t\t\t<div class=\"elementor-column elementor-col-100 elementor-top-column elementor-element elementor-element-246f5a7\" data-id=\"246f5a7\" data-element_type=\"column\">\n\t\t\t<div class=\"elementor-widget-wrap elementor-element-populated\">\n\t\t\t\t\t\t<div class=\"elementor-element elementor-element-ebca7a9 elementor-widget elementor-widget-text-editor\" data-id=\"ebca7a9\" data-element_type=\"widget\" data-widget_type=\"text-editor.default\">\n\t\t\t\t<div class=\"elementor-widget-container\">\n\t\t\t\t\t\t\t\u00ab\u00a0Garder un enfant c\u2019est l\u2019\u00e9lever, le faire grandir, jouer, l\u2019\u00e9veiller, se promener, faire d\u00e9couvrir, apprendre. Pas le coller devant la TV\u00a0\u00bb\t\t\t\t\t\t<\/div>\n\t\t\t\t<\/div>\n\t\t\t\t\t<\/div>\n\t\t<\/div>\n\t\t\t\t\t<\/div>\n\t\t<\/div>\n\t\t\t\t<section class=\"elementor-section elementor-top-section elementor-element elementor-element-8306313 elementor-section-full_width elementor-section-height-default elementor-section-height-default\" data-id=\"8306313\" data-element_type=\"section\">\n\t\t\t\t\t\t<div class=\"elementor-container elementor-column-gap-no\">\n\t\t\t\t\t<div class=\"elementor-column elementor-col-100 elementor-top-column elementor-element elementor-element-e732440\" data-id=\"e732440\" data-element_type=\"column\">\n\t\t\t<div class=\"elementor-widget-wrap\">\n\t\t\t\t\t\t\t<\/div>\n\t\t<\/div>\n\t\t\t\t\t<\/div>\n\t\t<\/section>\n\t\t\t\t<\/div>\n\t\t","protected":false},"excerpt":{"rendered":"<p>Du besoin \u00e0 l\u2019action Alors cadre dans la grande distribution, Audrey Sabati\u00e9, fondatrice de Bulles d\u2019Enfants, \u00e9tait confront\u00e9e au quotidien aux difficult\u00e9s et angoisses de nombreuses coll\u00e8gues, jeune maman ou sur le point de le devenir, \u00e0 l\u2019id\u00e9e de trouver une solution de garde pour leurs enfants. Pour ces femmes actives, l\u2019enjeu est double : <\/p>\n","protected":false},"author":1,"featured_media":2310,"parent":0,"menu_order":0,"comment_status":"closed","ping_status":"closed","template":"","meta":{"_acf_changed":false,"footnotes":""},"acf":[],"yoast_head":"<!-- This site is optimized with the Yoast SEO plugin v23.4 - https:\/\/yoast.com\/wordpress\/plugins\/seo\/ -->\n<title>Bulles d&#039;Enfants : la franchise enfants cl\u00e9 en main<\/title>\n<meta name=\"description\" content=\"Choisissez notre franchise enfants pour votre projet d&#039;entreprise. Bulles d&#039;enfants met \u00e0 votre disposition tout son savoir-faire pour votre r\u00e9ussite.\" \/>\n<meta name=\"robots\" content=\"noindex, follow, max-snippet:-1, max-image-preview:large, max-video-preview:-1\" \/>\n<meta property=\"og:locale\" content=\"fr_FR\" \/>\n<meta property=\"og:type\" content=\"article\" \/>\n<meta property=\"og:title\" content=\"Bulles d&#039;Enfants : la franchise enfants cl\u00e9 en main\" \/>\n<meta property=\"og:description\" content=\"Choisissez notre franchise enfants pour votre projet d&#039;entreprise. Bulles d&#039;enfants met \u00e0 votre disposition tout son savoir-faire pour votre r\u00e9ussite.\" \/>\n<meta property=\"og:url\" content=\"http:\/\/novadeo.fr\/bulles-d-enfants\/franchise-enfants\/\" \/>\n<meta property=\"og:site_name\" content=\"Bulles d&#039;enfants\" \/>\n<meta property=\"article:publisher\" content=\"https:\/\/www.facebook.com\/profile.php?id=61563858201587\" \/>\n<meta property=\"article:modified_time\" content=\"2024-09-16T10:55:24+00:00\" \/>\n<meta property=\"og:image\" content=\"http:\/\/novadeo.fr\/bulles-d-enfants\/wp-content\/uploads\/2024\/07\/AdobeStock_353263898-scaled.jpeg\" \/>\n\t<meta property=\"og:image:width\" content=\"2560\" \/>\n\t<meta property=\"og:image:height\" content=\"1709\" \/>\n\t<meta property=\"og:image:type\" content=\"image\/jpeg\" \/>\n<meta name=\"twitter:card\" content=\"summary_large_image\" \/>\n<meta name=\"twitter:label1\" content=\"Dur\u00e9e de lecture estim\u00e9e\" \/>\n\t<meta name=\"twitter:data1\" content=\"3 minutes\" \/>\n<script type=\"application\/ld+json\" class=\"yoast-schema-graph\">{\"@context\":\"https:\/\/schema.org\",\"@graph\":[{\"@type\":\"WebPage\",\"@id\":\"http:\/\/novadeo.fr\/bulles-d-enfants\/franchise-enfants\/\",\"url\":\"http:\/\/novadeo.fr\/bulles-d-enfants\/franchise-enfants\/\",\"name\":\"Bulles d'Enfants : la franchise enfants cl\u00e9 en main\",\"isPartOf\":{\"@id\":\"http:\/\/novadeo.fr\/bulles-d-enfants\/#website\"},\"primaryImageOfPage\":{\"@id\":\"http:\/\/novadeo.fr\/bulles-d-enfants\/franchise-enfants\/#primaryimage\"},\"image\":{\"@id\":\"http:\/\/novadeo.fr\/bulles-d-enfants\/franchise-enfants\/#primaryimage\"},\"thumbnailUrl\":\"http:\/\/novadeo.fr\/bulles-d-enfants\/wp-content\/uploads\/2024\/07\/AdobeStock_353263898-scaled.jpeg\",\"datePublished\":\"2020-02-05T08:59:45+00:00\",\"dateModified\":\"2024-09-16T10:55:24+00:00\",\"description\":\"Choisissez notre franchise enfants pour votre projet d'entreprise. Bulles d'enfants met \u00e0 votre disposition tout son savoir-faire pour votre r\u00e9ussite.\",\"breadcrumb\":{\"@id\":\"http:\/\/novadeo.fr\/bulles-d-enfants\/franchise-enfants\/#breadcrumb\"},\"inLanguage\":\"fr-FR\",\"potentialAction\":[{\"@type\":\"ReadAction\",\"target\":[\"http:\/\/novadeo.fr\/bulles-d-enfants\/franchise-enfants\/\"]}]},{\"@type\":\"ImageObject\",\"inLanguage\":\"fr-FR\",\"@id\":\"http:\/\/novadeo.fr\/bulles-d-enfants\/franchise-enfants\/#primaryimage\",\"url\":\"http:\/\/novadeo.fr\/bulles-d-enfants\/wp-content\/uploads\/2024\/07\/AdobeStock_353263898-scaled.jpeg\",\"contentUrl\":\"http:\/\/novadeo.fr\/bulles-d-enfants\/wp-content\/uploads\/2024\/07\/AdobeStock_353263898-scaled.jpeg\",\"width\":2560,\"height\":1709,\"caption\":\"Caucasian little girl spending time with african american baby sitter. They are drawing, learning to write letters, reading a book. Children education, leisure activities, babysitting concept\"},{\"@type\":\"BreadcrumbList\",\"@id\":\"http:\/\/novadeo.fr\/bulles-d-enfants\/franchise-enfants\/#breadcrumb\",\"itemListElement\":[{\"@type\":\"ListItem\",\"position\":1,\"name\":\"Accueil\",\"item\":\"http:\/\/novadeo.fr\/bulles-d-enfants\/\"},{\"@type\":\"ListItem\",\"position\":2,\"name\":\"A propos\"}]},{\"@type\":\"WebSite\",\"@id\":\"http:\/\/novadeo.fr\/bulles-d-enfants\/#website\",\"url\":\"http:\/\/novadeo.fr\/bulles-d-enfants\/\",\"name\":\"Bulles d'enfants\",\"description\":\"Bien grandir, ensemble\",\"publisher\":{\"@id\":\"http:\/\/novadeo.fr\/bulles-d-enfants\/#organization\"},\"potentialAction\":[{\"@type\":\"SearchAction\",\"target\":{\"@type\":\"EntryPoint\",\"urlTemplate\":\"http:\/\/novadeo.fr\/bulles-d-enfants\/?s={search_term_string}\"},\"query-input\":{\"@type\":\"PropertyValueSpecification\",\"valueRequired\":true,\"valueName\":\"search_term_string\"}}],\"inLanguage\":\"fr-FR\"},{\"@type\":\"Organization\",\"@id\":\"http:\/\/novadeo.fr\/bulles-d-enfants\/#organization\",\"name\":\"Bulles d'enfants\",\"url\":\"http:\/\/novadeo.fr\/bulles-d-enfants\/\",\"logo\":{\"@type\":\"ImageObject\",\"inLanguage\":\"fr-FR\",\"@id\":\"http:\/\/novadeo.fr\/bulles-d-enfants\/#\/schema\/logo\/image\/\",\"url\":\"http:\/\/novadeo.fr\/bulles-d-enfants\/wp-content\/uploads\/2024\/07\/logo-bulles-enfants.jpg\",\"contentUrl\":\"http:\/\/novadeo.fr\/bulles-d-enfants\/wp-content\/uploads\/2024\/07\/logo-bulles-enfants.jpg\",\"width\":400,\"height\":84,\"caption\":\"Bulles d'enfants\"},\"image\":{\"@id\":\"http:\/\/novadeo.fr\/bulles-d-enfants\/#\/schema\/logo\/image\/\"},\"sameAs\":[\"https:\/\/www.facebook.com\/profile.php?id=61563858201587\",\"https:\/\/www.linkedin.com\/company\/bulles-d-enfants\/\"]}]}<\/script>\n<!-- \/ Yoast SEO plugin. -->","yoast_head_json":{"title":"Bulles d'Enfants : la franchise enfants cl\u00e9 en main","description":"Choisissez notre franchise enfants pour votre projet d'entreprise. Bulles d'enfants met \u00e0 votre disposition tout son savoir-faire pour votre r\u00e9ussite.","robots":{"index":"noindex","follow":"follow","max-snippet":"max-snippet:-1","max-image-preview":"max-image-preview:large","max-video-preview":"max-video-preview:-1"},"og_locale":"fr_FR","og_type":"article","og_title":"Bulles d'Enfants : la franchise enfants cl\u00e9 en main","og_description":"Choisissez notre franchise enfants pour votre projet d'entreprise. Bulles d'enfants met \u00e0 votre disposition tout son savoir-faire pour votre r\u00e9ussite.","og_url":"http:\/\/novadeo.fr\/bulles-d-enfants\/franchise-enfants\/","og_site_name":"Bulles d&#039;enfants","article_publisher":"https:\/\/www.facebook.com\/profile.php?id=61563858201587","article_modified_time":"2024-09-16T10:55:24+00:00","og_image":[{"width":2560,"height":1709,"url":"http:\/\/novadeo.fr\/bulles-d-enfants\/wp-content\/uploads\/2024\/07\/AdobeStock_353263898-scaled.jpeg","type":"image\/jpeg"}],"twitter_card":"summary_large_image","twitter_misc":{"Dur\u00e9e de lecture estim\u00e9e":"3 minutes"},"schema":{"@context":"https:\/\/schema.org","@graph":[{"@type":"WebPage","@id":"http:\/\/novadeo.fr\/bulles-d-enfants\/franchise-enfants\/","url":"http:\/\/novadeo.fr\/bulles-d-enfants\/franchise-enfants\/","name":"Bulles d'Enfants : la franchise enfants cl\u00e9 en main","isPartOf":{"@id":"http:\/\/novadeo.fr\/bulles-d-enfants\/#website"},"primaryImageOfPage":{"@id":"http:\/\/novadeo.fr\/bulles-d-enfants\/franchise-enfants\/#primaryimage"},"image":{"@id":"http:\/\/novadeo.fr\/bulles-d-enfants\/franchise-enfants\/#primaryimage"},"thumbnailUrl":"http:\/\/novadeo.fr\/bulles-d-enfants\/wp-content\/uploads\/2024\/07\/AdobeStock_353263898-scaled.jpeg","datePublished":"2020-02-05T08:59:45+00:00","dateModified":"2024-09-16T10:55:24+00:00","description":"Choisissez notre franchise enfants pour votre projet d'entreprise. Bulles d'enfants met \u00e0 votre disposition tout son savoir-faire pour votre r\u00e9ussite.","breadcrumb":{"@id":"http:\/\/novadeo.fr\/bulles-d-enfants\/franchise-enfants\/#breadcrumb"},"inLanguage":"fr-FR","potentialAction":[{"@type":"ReadAction","target":["http:\/\/novadeo.fr\/bulles-d-enfants\/franchise-enfants\/"]}]},{"@type":"ImageObject","inLanguage":"fr-FR","@id":"http:\/\/novadeo.fr\/bulles-d-enfants\/franchise-enfants\/#primaryimage","url":"http:\/\/novadeo.fr\/bulles-d-enfants\/wp-content\/uploads\/2024\/07\/AdobeStock_353263898-scaled.jpeg","contentUrl":"http:\/\/novadeo.fr\/bulles-d-enfants\/wp-content\/uploads\/2024\/07\/AdobeStock_353263898-scaled.jpeg","width":2560,"height":1709,"caption":"Caucasian little girl spending time with african american baby sitter. They are drawing, learning to write letters, reading a book. Children education, leisure activities, babysitting concept"},{"@type":"BreadcrumbList","@id":"http:\/\/novadeo.fr\/bulles-d-enfants\/franchise-enfants\/#breadcrumb","itemListElement":[{"@type":"ListItem","position":1,"name":"Accueil","item":"http:\/\/novadeo.fr\/bulles-d-enfants\/"},{"@type":"ListItem","position":2,"name":"A propos"}]},{"@type":"WebSite","@id":"http:\/\/novadeo.fr\/bulles-d-enfants\/#website","url":"http:\/\/novadeo.fr\/bulles-d-enfants\/","name":"Bulles d'enfants","description":"Bien grandir, ensemble","publisher":{"@id":"http:\/\/novadeo.fr\/bulles-d-enfants\/#organization"},"potentialAction":[{"@type":"SearchAction","target":{"@type":"EntryPoint","urlTemplate":"http:\/\/novadeo.fr\/bulles-d-enfants\/?s={search_term_string}"},"query-input":{"@type":"PropertyValueSpecification","valueRequired":true,"valueName":"search_term_string"}}],"inLanguage":"fr-FR"},{"@type":"Organization","@id":"http:\/\/novadeo.fr\/bulles-d-enfants\/#organization","name":"Bulles d'enfants","url":"http:\/\/novadeo.fr\/bulles-d-enfants\/","logo":{"@type":"ImageObject","inLanguage":"fr-FR","@id":"http:\/\/novadeo.fr\/bulles-d-enfants\/#\/schema\/logo\/image\/","url":"http:\/\/novadeo.fr\/bulles-d-enfants\/wp-content\/uploads\/2024\/07\/logo-bulles-enfants.jpg","contentUrl":"http:\/\/novadeo.fr\/bulles-d-enfants\/wp-content\/uploads\/2024\/07\/logo-bulles-enfants.jpg","width":400,"height":84,"caption":"Bulles d'enfants"},"image":{"@id":"http:\/\/novadeo.fr\/bulles-d-enfants\/#\/schema\/logo\/image\/"},"sameAs":["https:\/\/www.facebook.com\/profile.php?id=61563858201587","https:\/\/www.linkedin.com\/company\/bulles-d-enfants\/"]}]}},"_links":{"self":[{"href":"http:\/\/novadeo.fr\/bulles-d-enfants\/wp-json\/wp\/v2\/pages\/2421"}],"collection":[{"href":"http:\/\/novadeo.fr\/bulles-d-enfants\/wp-json\/wp\/v2\/pages"}],"about":[{"href":"http:\/\/novadeo.fr\/bulles-d-enfants\/wp-json\/wp\/v2\/types\/page"}],"author":[{"embeddable":true,"href":"http:\/\/novadeo.fr\/bulles-d-enfants\/wp-json\/wp\/v2\/users\/1"}],"replies":[{"embeddable":true,"href":"http:\/\/novadeo.fr\/bulles-d-enfants\/wp-json\/wp\/v2\/comments?post=2421"}],"version-history":[{"count":37,"href":"http:\/\/novadeo.fr\/bulles-d-enfants\/wp-json\/wp\/v2\/pages\/2421\/revisions"}],"predecessor-version":[{"id":2684,"href":"http:\/\/novadeo.fr\/bulles-d-enfants\/wp-json\/wp\/v2\/pages\/2421\/revisions\/2684"}],"wp:featuredmedia":[{"embeddable":true,"href":"http:\/\/novadeo.fr\/bulles-d-enfants\/wp-json\/wp\/v2\/media\/2310"}],"wp:attachment":[{"href":"http:\/\/novadeo.fr\/bulles-d-enfants\/wp-json\/wp\/v2\/media?parent=2421"}],"curies":[{"name":"wp","href":"https:\/\/api.w.org\/{rel}","templated":true}]}}